{"id":115,"date":"2019-12-26T16:42:59","date_gmt":"2019-12-26T16:42:59","guid":{"rendered":"https:\/\/demos.kadencewp.com\/blocks-store\/?page_id=115"},"modified":"2024-02-23T23:14:13","modified_gmt":"2024-02-23T23:14:13","slug":"about","status":"publish","type":"page","link":"https:\/\/wojciechfilaber.com\/pl\/","title":{"rendered":"O mnie"},"content":{"rendered":"<figure class=\"wp-block-image size-large\"><img loading=\"lazy\" decoding=\"async\" width=\"683\" height=\"1024\" src=\"https:\/\/wojciechfilaber.com\/wp-content\/uploads\/2024\/02\/348476865_218738724287579_2917418363147487059_n-1-683x1024.jpg\" alt=\"\" class=\"wp-image-708\" srcset=\"https:\/\/wojciechfilaber.com\/wp-content\/uploads\/2024\/02\/348476865_218738724287579_2917418363147487059_n-1-683x1024.jpg 683w, https:\/\/wojciechfilaber.com\/wp-content\/uploads\/2024\/02\/348476865_218738724287579_2917418363147487059_n-1-600x900.jpg 600w, https:\/\/wojciechfilaber.com\/wp-content\/uploads\/2024\/02\/348476865_218738724287579_2917418363147487059_n-1-200x300.jpg 200w, https:\/\/wojciechfilaber.com\/wp-content\/uploads\/2024\/02\/348476865_218738724287579_2917418363147487059_n-1-768x1152.jpg 768w, https:\/\/wojciechfilaber.com\/wp-content\/uploads\/2024\/02\/348476865_218738724287579_2917418363147487059_n-1-1024x1536.jpg 1024w, https:\/\/wojciechfilaber.com\/wp-content\/uploads\/2024\/02\/348476865_218738724287579_2917418363147487059_n-1-1320x1980.jpg 1320w, https:\/\/wojciechfilaber.com\/wp-content\/uploads\/2024\/02\/348476865_218738724287579_2917418363147487059_n-1.jpg 1365w\" sizes=\"auto, (max-width: 683px) 100vw, 683px\" \/><\/figure>\n\n\n\n<p><\/p>\n\n\n\n<p><\/p>\n\n\n\n<p><strong>Nazywam si\u0119 Wojciech Filaber i jestem autorem, kt\u00f3ry zas\u0142yn\u0105\u0142 w \u015bwiecie literackim, dzi\u0119ki swoim zachwycaj\u0105cym opowie\u015bciom dla czytelnik\u00f3w w ka\u017cdym wieku. Urodzi\u0142em si\u0119 na Mazurach, w malowniczym regionie jezior w Polsce p\u00f3\u0142nocnej, gdzie moja pasja do opowiadania historii zosta\u0142a zainspirowana naturalnym pi\u0119knem i krajobrazami, kt\u00f3re mnie otacza\u0142y.<\/strong><\/p>\n\n\n\n<p class=\"has-text-align-left\"><strong>Mieszkam w Hendon, p\u00f3\u0142nocnej cz\u0119\u015bci Londynu, gdzie uko\u0144czy\u0142em studia z psychologii na Middlesex University. Moj\u0105 pasj\u0105 jest pisanie ksi\u0105\u017cek o niezwyk\u0142ych bohaterach z czasu I i II wojny \u015bwiatowej, <em>War Bear<\/em>powsta\u0142o ju\u017c kilkana\u015bcie pozycji, m.in. powie\u015bci, nowele, komiksy oraz kolorowanki dla najm\u0142odszych. <\/strong><\/p>\n\n\n\n<figure class=\"wp-block-image size-large\"><img loading=\"lazy\" decoding=\"async\" width=\"1024\" height=\"897\" src=\"https:\/\/wojciechfilaber.com\/wp-content\/uploads\/2024\/02\/5-1-1024x897.jpg\" alt=\"\" class=\"wp-image-797\" srcset=\"https:\/\/wojciechfilaber.com\/wp-content\/uploads\/2024\/02\/5-1-1024x897.jpg 1024w, https:\/\/wojciechfilaber.com\/wp-content\/uploads\/2024\/02\/5-1-600x526.jpg 600w, https:\/\/wojciechfilaber.com\/wp-content\/uploads\/2024\/02\/5-1-300x263.jpg 300w, https:\/\/wojciechfilaber.com\/wp-content\/uploads\/2024\/02\/5-1-768x673.jpg 768w, https:\/\/wojciechfilaber.com\/wp-content\/uploads\/2024\/02\/5-1-1536x1346.jpg 1536w, https:\/\/wojciechfilaber.com\/wp-content\/uploads\/2024\/02\/5-1-1320x1157.jpg 1320w, https:\/\/wojciechfilaber.com\/wp-content\/uploads\/2024\/02\/5-1.jpg 1902w\" sizes=\"auto, (max-width: 1024px) 100vw, 1024px\" \/><\/figure>\n\n\n\n<p class=\"has-text-align-left\"><strong>Moja przygoda z pisaniem rozpocz\u0119\u0142a si\u0119 w 2014 roku, kiedy opublikowa\u0142em ksi\u0105\u017ck\u0119 dwuj\u0119zyczn\u0105 z opowiadaniami, kt\u00f3re pomog\u0142y dzieciom uczy\u0107 si\u0119 polskiego i angielskiego. \nW 2021 roku wyda\u0142em swoj\u0105 pierwsza powie\u015b\u0107 dla m\u0142odzie\u017cy, zatytu\u0142owan\u0105 \u2018\u2019War Bear\u2019\u2019, <em>w Polsce znan\u0105 pod tytu\u0142em<\/em> and <em>\"Nied\u017awied\u017a wojny, nieustraszony bohater\", kt\u00f3ra opowiada histori\u0119 Wojtka, nied\u017awiedzia \u2013 \u017co\u0142nierza.<\/em> Ksi\u0105\u017cka zosta\u0142a bardzo dobrze przyj\u0119ta przez czytelnik\u00f3w i ugruntowa\u0142a moj\u0105 pozycj\u0119 jako pisarza. <\/strong><\/p>\n\n\n\n<figure class=\"wp-block-image size-large is-resized\"><img loading=\"lazy\" decoding=\"async\" width=\"1024\" height=\"768\" src=\"https:\/\/wojciechfilaber.com\/wp-content\/uploads\/2024\/02\/1-1024x768.jpg\" alt=\"\" class=\"wp-image-794\" style=\"width:840px;height:auto\" srcset=\"https:\/\/wojciechfilaber.com\/wp-content\/uploads\/2024\/02\/1-1024x768.jpg 1024w, https:\/\/wojciechfilaber.com\/wp-content\/uploads\/2024\/02\/1-600x450.jpg 600w, https:\/\/wojciechfilaber.com\/wp-content\/uploads\/2024\/02\/1-300x225.jpg 300w, https:\/\/wojciechfilaber.com\/wp-content\/uploads\/2024\/02\/1-768x576.jpg 768w, https:\/\/wojciechfilaber.com\/wp-content\/uploads\/2024\/02\/1-1536x1152.jpg 1536w, https:\/\/wojciechfilaber.com\/wp-content\/uploads\/2024\/02\/1-1320x990.jpg 1320w, https:\/\/wojciechfilaber.com\/wp-content\/uploads\/2024\/02\/1.jpg 1600w\" sizes=\"auto, (max-width: 1024px) 100vw, 1024px\" \/><\/figure>\n\n\n\n<p><strong>Pod\u0105\u017caj\u0105c tropem czworono\u017cnych bohater\u00f3w wojny poszukiwa\u0142em kolejnych temat\u00f3w na ksi\u0105\u017cki. Zainspirowany bohaterskimi zwierz\u0119tami, kt\u00f3re towarzyszy\u0142y \u017co\u0142nierzom w czasach wojny, napisa\u0142em kolejne ksi\u0105\u017cki, kt\u00f3re opowiadaj\u0105 ich niezwyk\u0142e historie. Moja najnowsze powie\u015bci: \"Ciapek, pies pilot \", \"Ciapek, zapomniany bohater wojenny\" i \u2018\u2019Smokey, odwa\u017cny spadochroniarz\u2019\u2019, s\u0105 wzruszaj\u0105cym ho\u0142dem dla odwa\u017cnych zwierz\u0105t, kt\u00f3re odegra\u0142y kluczow\u0105 rol\u0119 w historii.<\/strong><\/p>\n\n\n\n<figure class=\"wp-block-image size-large is-resized\"><img loading=\"lazy\" decoding=\"async\" width=\"1024\" height=\"768\" src=\"https:\/\/wojciechfilaber.com\/wp-content\/uploads\/2024\/02\/4-1-1024x768.jpg\" alt=\"\" class=\"wp-image-796\" style=\"width:840px;height:auto\" srcset=\"https:\/\/wojciechfilaber.com\/wp-content\/uploads\/2024\/02\/4-1-1024x768.jpg 1024w, https:\/\/wojciechfilaber.com\/wp-content\/uploads\/2024\/02\/4-1-scaled-600x450.jpg 600w, https:\/\/wojciechfilaber.com\/wp-content\/uploads\/2024\/02\/4-1-300x225.jpg 300w, https:\/\/wojciechfilaber.com\/wp-content\/uploads\/2024\/02\/4-1-768x576.jpg 768w, https:\/\/wojciechfilaber.com\/wp-content\/uploads\/2024\/02\/4-1-1536x1152.jpg 1536w, https:\/\/wojciechfilaber.com\/wp-content\/uploads\/2024\/02\/4-1-2048x1536.jpg 2048w, https:\/\/wojciechfilaber.com\/wp-content\/uploads\/2024\/02\/4-1-1320x990.jpg 1320w\" sizes=\"auto, (max-width: 1024px) 100vw, 1024px\" \/><\/figure>\n\n\n\n<p><strong>Regularnie odwiedzam polskie sobotnie szko\u0142y na terenie Wielkiej Brytanii, gdzie opowiadam o bohaterach moich ksi\u0105\u017cek i komiks\u00f3w. Nic nie cieszy tak bardzo, jak u\u015bmiech na twarzy ucznia, kt\u00f3ry jest ch\u0119tny przeczyta\u0107 jedn\u0105 lub kilka z moich ksi\u0105\u017cek o przygodach zwierz\u0105t b\u0119d\u0105cych na s\u0142u\u017cbie w Wojsku Polskim. To zdecydowanie przynosi mi najwi\u0119ksz\u0105 satysfakcj\u0119 jako pisarzowi. Inspiruj\u0119 m\u0142odych ludzi swoimi opowie\u015bciami, marz\u0105c jednocze\u015bnie, \u017ce kiedy\u015b zostan\u0105 one zaadaptowane na wielki ekran, gdzie mog\u0142yby dotrze\u0107 do szerszej publiczno\u015bci.\nJako autor jestem chwalony za naturaln\u0105 zdolno\u015b\u0107 do rozmowy z m\u0142odymi czytelnikami, poprzez bogat\u0105, a jednocze\u015bnie prost\u0105 narracj\u0119. <\/strong><\/p>\n\n\n\n<figure class=\"wp-block-image size-large is-resized\"><img loading=\"lazy\" decoding=\"async\" width=\"1024\" height=\"768\" src=\"https:\/\/wojciechfilaber.com\/wp-content\/uploads\/2024\/02\/339635596_106697299044990_4914877291065855496_n-1024x768.jpg\" alt=\"\" class=\"wp-image-775\" style=\"width:840px;height:auto\" srcset=\"https:\/\/wojciechfilaber.com\/wp-content\/uploads\/2024\/02\/339635596_106697299044990_4914877291065855496_n-1024x768.jpg 1024w, https:\/\/wojciechfilaber.com\/wp-content\/uploads\/2024\/02\/339635596_106697299044990_4914877291065855496_n-600x450.jpg 600w, https:\/\/wojciechfilaber.com\/wp-content\/uploads\/2024\/02\/339635596_106697299044990_4914877291065855496_n-300x225.jpg 300w, https:\/\/wojciechfilaber.com\/wp-content\/uploads\/2024\/02\/339635596_106697299044990_4914877291065855496_n-768x576.jpg 768w, https:\/\/wojciechfilaber.com\/wp-content\/uploads\/2024\/02\/339635596_106697299044990_4914877291065855496_n-1536x1152.jpg 1536w, https:\/\/wojciechfilaber.com\/wp-content\/uploads\/2024\/02\/339635596_106697299044990_4914877291065855496_n-1320x990.jpg 1320w, https:\/\/wojciechfilaber.com\/wp-content\/uploads\/2024\/02\/339635596_106697299044990_4914877291065855496_n.jpg 2048w\" sizes=\"auto, (max-width: 1024px) 100vw, 1024px\" \/><\/figure>\n\n\n\n\n\n<ul class=\"wp-block-social-links is-layout-flex wp-block-social-links-is-layout-flex\"><li class=\"wp-social-link wp-social-link-facebook  wp-block-social-link\"><a href=\"https:\/\/www.facebook.com\/wojciech.filaber\/\" class=\"wp-block-social-link-anchor\"><svg width=\"24\" height=\"24\" viewbox=\"0 0 24 24\" version=\"1.1\" xmlns=\"http:\/\/www.w3.org\/2000\/svg\" aria-hidden=\"true\" focusable=\"false\"><path d=\"M12 2C6.5 2 2 6.5 2 12c0 5 3.7 9.1 8.4 9.9v-7H7.9V12h2.5V9.8c0-2.5 1.5-3.9 3.8-3.9 1.1 0 2.2.2 2.2.2v2.5h-1.3c-1.2 0-1.6.8-1.6 1.6V12h2.8l-.4 2.9h-2.3v7C18.3 21.1 22 17 22 12c0-5.5-4.5-10-10-10z\"><\/path><\/svg><span class=\"wp-block-social-link-label screen-reader-text\">Facebook<\/span><\/a><\/li>\n\n<li class=\"wp-social-link wp-social-link-instagram  wp-block-social-link\"><a href=\"https:\/\/www.instagram.com\/wojciechfilaber\/?hl=en\" class=\"wp-block-social-link-anchor\"><svg width=\"24\" height=\"24\" viewbox=\"0 0 24 24\" version=\"1.1\" xmlns=\"http:\/\/www.w3.org\/2000\/svg\" aria-hidden=\"true\" focusable=\"false\"><path d=\"M12,4.622c2.403,0,2.688,0.009,3.637,0.052c0.877,0.04,1.354,0.187,1.671,0.31c0.42,0.163,0.72,0.358,1.035,0.673 c0.315,0.315,0.51,0.615,0.673,1.035c0.123,0.317,0.27,0.794,0.31,1.671c0.043,0.949,0.052,1.234,0.052,3.637 s-0.009,2.688-0.052,3.637c-0.04,0.877-0.187,1.354-0.31,1.671c-0.163,0.42-0.358,0.72-0.673,1.035 c-0.315,0.315-0.615,0.51-1.035,0.673c-0.317,0.123-0.794,0.27-1.671,0.31c-0.949,0.043-1.233,0.052-3.637,0.052 s-2.688-0.009-3.637-0.052c-0.877-0.04-1.354-0.187-1.671-0.31c-0.42-0.163-0.72-0.358-1.035-0.673 c-0.315-0.315-0.51-0.615-0.673-1.035c-0.123-0.317-0.27-0.794-0.31-1.671C4.631,14.688,4.622,14.403,4.622,12 s0.009-2.688,0.052-3.637c0.04-0.877,0.187-1.354,0.31-1.671c0.163-0.42,0.358-0.72,0.673-1.035 c0.315-0.315,0.615-0.51,1.035-0.673c0.317-0.123,0.794-0.27,1.671-0.31C9.312,4.631,9.597,4.622,12,4.622 M12,3 C9.556,3,9.249,3.01,8.289,3.054C7.331,3.098,6.677,3.25,6.105,3.472C5.513,3.702,5.011,4.01,4.511,4.511 c-0.5,0.5-0.808,1.002-1.038,1.594C3.25,6.677,3.098,7.331,3.054,8.289C3.01,9.249,3,9.556,3,12c0,2.444,0.01,2.751,0.054,3.711 c0.044,0.958,0.196,1.612,0.418,2.185c0.23,0.592,0.538,1.094,1.038,1.594c0.5,0.5,1.002,0.808,1.594,1.038 c0.572,0.222,1.227,0.375,2.185,0.418C9.249,20.99,9.556,21,12,21s2.751-0.01,3.711-0.054c0.958-0.044,1.612-0.196,2.185-0.418 c0.592-0.23,1.094-0.538,1.594-1.038c0.5-0.5,0.808-1.002,1.038-1.594c0.222-0.572,0.375-1.227,0.418-2.185 C20.99,14.751,21,14.444,21,12s-0.01-2.751-0.054-3.711c-0.044-0.958-0.196-1.612-0.418-2.185c-0.23-0.592-0.538-1.094-1.038-1.594 c-0.5-0.5-1.002-0.808-1.594-1.038c-0.572-0.222-1.227-0.375-2.185-0.418C14.751,3.01,14.444,3,12,3L12,3z M12,7.378 c-2.552,0-4.622,2.069-4.622,4.622S9.448,16.622,12,16.622s4.622-2.069,4.622-4.622S14.552,7.378,12,7.378z M12,15 c-1.657,0-3-1.343-3-3s1.343-3,3-3s3,1.343,3,3S13.657,15,12,15z M16.804,6.116c-0.596,0-1.08,0.484-1.08,1.08 s0.484,1.08,1.08,1.08c0.596,0,1.08-0.484,1.08-1.08S17.401,6.116,16.804,6.116z\"><\/path><\/svg><span class=\"wp-block-social-link-label screen-reader-text\">Instagram<\/span><\/a><\/li>\n\n<li class=\"wp-social-link wp-social-link-linkedin  wp-block-social-link\"><a href=\"https:\/\/www.linkedin.com\/in\/wojciech-filaber-b9504212b\/\" class=\"wp-block-social-link-anchor\"><svg width=\"24\" height=\"24\" viewbox=\"0 0 24 24\" version=\"1.1\" xmlns=\"http:\/\/www.w3.org\/2000\/svg\" aria-hidden=\"true\" focusable=\"false\"><path d=\"M19.7,3H4.3C3.582,3,3,3.582,3,4.3v15.4C3,20.418,3.582,21,4.3,21h15.4c0.718,0,1.3-0.582,1.3-1.3V4.3 C21,3.582,20.418,3,19.7,3z M8.339,18.338H5.667v-8.59h2.672V18.338z M7.004,8.574c-0.857,0-1.549-0.694-1.549-1.548 c0-0.855,0.691-1.548,1.549-1.548c0.854,0,1.547,0.694,1.547,1.548C8.551,7.881,7.858,8.574,7.004,8.574z M18.339,18.338h-2.669 v-4.177c0-0.996-0.017-2.278-1.387-2.278c-1.389,0-1.601,1.086-1.601,2.206v4.249h-2.667v-8.59h2.559v1.174h0.037 c0.356-0.675,1.227-1.387,2.526-1.387c2.703,0,3.203,1.779,3.203,4.092V18.338z\"><\/path><\/svg><span class=\"wp-block-social-link-label screen-reader-text\">LinkedIn<\/span><\/a><\/li>\n\n\n\n<li class=\"wp-social-link wp-social-link-twitter  wp-block-social-link\"><a href=\"https:\/\/twitter.com\/Wojciech202\" class=\"wp-block-social-link-anchor\"><svg width=\"24\" height=\"24\" viewbox=\"0 0 24 24\" version=\"1.1\" xmlns=\"http:\/\/www.w3.org\/2000\/svg\" aria-hidden=\"true\" focusable=\"false\"><path d=\"M22.23,5.924c-0.736,0.326-1.527,0.547-2.357,0.646c0.847-0.508,1.498-1.312,1.804-2.27 c-0.793,0.47-1.671,0.812-2.606,0.996C18.324,4.498,17.257,4,16.077,4c-2.266,0-4.103,1.837-4.103,4.103 c0,0.322,0.036,0.635,0.106,0.935C8.67,8.867,5.647,7.234,3.623,4.751C3.27,5.357,3.067,6.062,3.067,6.814 c0,1.424,0.724,2.679,1.825,3.415c-0.673-0.021-1.305-0.206-1.859-0.513c0,0.017,0,0.034,0,0.052c0,1.988,1.414,3.647,3.292,4.023 c-0.344,0.094-0.707,0.144-1.081,0.144c-0.264,0-0.521-0.026-0.772-0.074c0.522,1.63,2.038,2.816,3.833,2.85 c-1.404,1.1-3.174,1.756-5.096,1.756c-0.331,0-0.658-0.019-0.979-0.057c1.816,1.164,3.973,1.843,6.29,1.843 c7.547,0,11.675-6.252,11.675-11.675c0-0.178-0.004-0.355-0.012-0.531C20.985,7.47,21.68,6.747,22.23,5.924z\"><\/path><\/svg><span class=\"wp-block-social-link-label screen-reader-text\">Twitter<\/span><\/a><\/li><\/ul>","protected":false},"excerpt":{"rendered":"<p>Wojciech Filaber is a talented author from Poland who has made his mark in the literary world with his captivating stories for readers of all ages. Born in 1982 in Masuria, a picturesque lake district in northern Poland, Wojciech&#8217;s love for storytelling was inspired by the natural beauty and wonder that surrounded him. In 2014,&#8230;<\/p>","protected":false},"author":1,"featured_media":0,"parent":0,"menu_order":0,"comment_status":"closed","ping_status":"closed","template":"","meta":{"give_campaign_id":0,"_kadence_starter_templates_imported_post":true,"_kad_post_transparent":"","_kad_post_title":"","_kad_post_layout":"","_kad_post_sidebar_id":"","_kad_post_content_style":"unboxed","_kad_post_vertical_padding":"","_kad_post_feature":"","_kad_post_feature_position":"","_kad_post_header":false,"_kad_post_footer":false,"footnotes":""},"class_list":["post-115","page","type-page","status-publish","hentry"],"campaignId":"","jetpack_sharing_enabled":true,"_links":{"self":[{"href":"https:\/\/wojciechfilaber.com\/pl\/wp-json\/wp\/v2\/pages\/115","targetHints":{"allow":["GET"]}}],"collection":[{"href":"https:\/\/wojciechfilaber.com\/pl\/wp-json\/wp\/v2\/pages"}],"about":[{"href":"https:\/\/wojciechfilaber.com\/pl\/wp-json\/wp\/v2\/types\/page"}],"author":[{"embeddable":true,"href":"https:\/\/wojciechfilaber.com\/pl\/wp-json\/wp\/v2\/users\/1"}],"replies":[{"embeddable":true,"href":"https:\/\/wojciechfilaber.com\/pl\/wp-json\/wp\/v2\/comments?post=115"}],"version-history":[{"count":34,"href":"https:\/\/wojciechfilaber.com\/pl\/wp-json\/wp\/v2\/pages\/115\/revisions"}],"predecessor-version":[{"id":898,"href":"https:\/\/wojciechfilaber.com\/pl\/wp-json\/wp\/v2\/pages\/115\/revisions\/898"}],"wp:attachment":[{"href":"https:\/\/wojciechfilaber.com\/pl\/wp-json\/wp\/v2\/media?parent=115"}],"curies":[{"name":"wp","href":"https:\/\/api.w.org\/{rel}","templated":true}]}}