{"id":144,"date":"2019-12-26T16:59:15","date_gmt":"2019-12-26T16:59:15","guid":{"rendered":"https:\/\/demos.kadencewp.com\/blocks-store\/?page_id=144"},"modified":"2024-09-30T23:39:20","modified_gmt":"2024-09-30T23:39:20","slug":"contact","status":"publish","type":"page","link":"https:\/\/wojciechfilaber.com\/pl\/contact\/","title":{"rendered":"Kontakt"},"content":{"rendered":"<style>.kb-row-layout-id144_d9228d-9c > .kt-row-column-wrap{align-content:start;}:where(.kb-row-layout-id144_d9228d-9c > .kt-row-column-wrap) > .wp-block-kadence-column{justify-content:start;}.kb-row-layout-id144_d9228d-9c > .kt-row-column-wrap{column-gap:var(--global-kb-gap-md, 2rem);row-gap:var(--global-kb-gap-md, 2rem);max-width:1000px;margin-left:auto;margin-right:auto;padding-top:80px;padding-right:25px;padding-bottom:80px;padding-left:25px;grid-template-columns:repeat(2, minmax(0, 1fr));}.kb-row-layout-id144_d9228d-9c > .kt-row-layout-overlay{opacity:0.30;}@media all and (max-width: 1024px){.kb-row-layout-id144_d9228d-9c > .kt-row-column-wrap{grid-template-columns:repeat(2, minmax(0, 1fr));}}@media all and (max-width: 767px){.kb-row-layout-id144_d9228d-9c > .kt-row-column-wrap{grid-template-columns:minmax(0, 1fr);}}<\/style><div class=\"kb-row-layout-wrap kb-row-layout-id144_d9228d-9c alignnone wp-block-kadence-rowlayout\"><div class=\"kt-row-column-wrap kt-has-2-columns kt-row-layout-equal kt-tab-layout-inherit kt-mobile-layout-row kt-row-valign-top\">\n<style>.kadence-column144_3e95bc-ce > .kt-inside-inner-col,.kadence-column144_3e95bc-ce > .kt-inside-inner-col:before{border-top-left-radius:0px;border-top-right-radius:0px;border-bottom-right-radius:0px;border-bottom-left-radius:0px;}.kadence-column144_3e95bc-ce > .kt-inside-inner-col{column-gap:var(--global-kb-gap-sm, 1rem);}.kadence-column144_3e95bc-ce > .kt-inside-inner-col{flex-direction:column;}.kadence-column144_3e95bc-ce > .kt-inside-inner-col > .aligncenter{width:100%;}.kadence-column144_3e95bc-ce > .kt-inside-inner-col:before{opacity:0.3;}.kadence-column144_3e95bc-ce{position:relative;}@media all and (max-width: 1024px){.kadence-column144_3e95bc-ce > .kt-inside-inner-col{flex-direction:column;justify-content:center;}}@media all and (max-width: 767px){.kadence-column144_3e95bc-ce > .kt-inside-inner-col{flex-direction:column;justify-content:center;}}<\/style>\n<div class=\"wp-block-kadence-column kadence-column144_3e95bc-ce inner-column-1\"><div class=\"kt-inside-inner-col\"><style>.wp-block-kadence-column.kb-section-dir-horizontal > .kt-inside-inner-col > .kt-info-box144_8d4bf5-35 .kt-blocks-info-box-link-wrap{max-width:unset;}.kt-info-box144_8d4bf5-35 .kt-blocks-info-box-link-wrap{border-top-left-radius:10px;border-top-right-radius:10px;border-bottom-right-radius:10px;border-bottom-left-radius:10px;background:var(--global-palette1, #3182CE);padding-top:30px;padding-right:30px;padding-bottom:30px;padding-left:30px;}.kt-info-box144_8d4bf5-35 .kt-blocks-info-box-link-wrap:hover{background:var(--global-palette1, #3182CE);}.kt-info-box144_8d4bf5-35 .kadence-info-box-icon-container .kt-info-svg-icon, .kt-info-box144_8d4bf5-35 .kt-info-svg-icon-flip, .kt-info-box144_8d4bf5-35 .kt-blocks-info-box-number{font-size:50px;}.kt-info-box144_8d4bf5-35 .kt-blocks-info-box-media{color:#ffffff;border-top-width:0px;border-right-width:0px;border-bottom-width:0px;border-left-width:0px;padding-top:0px;padding-right:0px;padding-bottom:0px;padding-left:0px;}.kt-info-box144_8d4bf5-35 .kt-blocks-info-box-media-container{margin-top:0px;margin-right:0px;margin-bottom:0px;margin-left:0px;}.kt-info-box144_8d4bf5-35 .kt-blocks-info-box-link-wrap:hover .kt-blocks-info-box-media{color:#ffffff;}.kt-info-box144_8d4bf5-35 .kt-infobox-textcontent h2.kt-blocks-info-box-title{color:#ffffff;font-style:normal;font-weight:normal;padding-top:0px;padding-right:0px;padding-bottom:0px;padding-left:0px;margin-top:5px;margin-right:0px;margin-bottom:10px;margin-left:0px;}.kt-info-box144_8d4bf5-35 .kt-blocks-info-box-link-wrap:hover h2.kt-blocks-info-box-title{color:#ffffff;}.kt-info-box144_8d4bf5-35 .kt-infobox-textcontent .kt-blocks-info-box-text{color:#ffffff;}.kt-info-box144_8d4bf5-35 .kt-blocks-info-box-link-wrap:hover .kt-blocks-info-box-text{color:#ffffff;}.kt-info-box144_8d4bf5-35 .kt-blocks-info-box-learnmore{background:transparent;border-color:#555555;border-width:0px 0px 0px 0px;padding-top:4px;padding-right:8px;padding-bottom:4px;padding-left:8px;margin-top:10px;margin-right:0px;margin-bottom:10px;margin-left:0px;}.kt-info-box144_8d4bf5-35 .kt-blocks-info-box-link-wrap:hover .kt-blocks-info-box-learnmore,.kt-info-box144_8d4bf5-35 .kt-blocks-info-box-link-wrap .kt-blocks-info-box-learnmore:focus{color:#ffffff;background:#444444;border-color:#444444;}<\/style>\n<div class=\"wp-block-kadence-infobox kt-info-box144_8d4bf5-35\"><span class=\"kt-blocks-info-box-link-wrap info-box-link kt-blocks-info-box-media-align-top kt-info-halign-center\"><div class=\"kt-blocks-info-box-media-container\"><div class=\"kt-blocks-info-box-media kt-info-media-animate-none\"><div class=\"kadence-info-box-icon-container kt-info-icon-animate-none\"><div class=\"kadence-info-box-icon-inner-container\"><span class=\"kb-svg-icon-wrap kb-svg-icon-fe_mail kt-info-svg-icon\"><svg viewBox=\"0 0 24 24\"  fill=\"none\" stroke=\"currentColor\" stroke-width=\"2\" stroke-linecap=\"round\" stroke-linejoin=\"round\" xmlns=\"http:\/\/www.w3.org\/2000\/svg\"  aria-hidden=\"true\"><path d=\"M4 4h16c1.1 0 2 .9 2 2v12c0 1.1-.9 2-2 2H4c-1.1 0-2-.9-2-2V6c0-1.1.9-2 2-2z\"\/><polyline points=\"22,6 12,13 2,6\"\/><\/svg><\/span><\/div><\/div><\/div><\/div><div class=\"kt-infobox-textcontent\"><h2 class=\"kt-blocks-info-box-title\">Email<\/h2><p class=\"kt-blocks-info-box-text\">Have a question? Email me and I will be in touch with you asap.<\/p><\/div><\/span><\/div>\n<\/div><\/div>\n\n\n<style>.kadence-column144_f9e65d-44 > .kt-inside-inner-col,.kadence-column144_f9e65d-44 > .kt-inside-inner-col:before{border-top-left-radius:0px;border-top-right-radius:0px;border-bottom-right-radius:0px;border-bottom-left-radius:0px;}.kadence-column144_f9e65d-44 > .kt-inside-inner-col{column-gap:var(--global-kb-gap-sm, 1rem);}.kadence-column144_f9e65d-44 > .kt-inside-inner-col{flex-direction:column;}.kadence-column144_f9e65d-44 > .kt-inside-inner-col > .aligncenter{width:100%;}.kadence-column144_f9e65d-44 > .kt-inside-inner-col:before{opacity:0.3;}.kadence-column144_f9e65d-44{position:relative;}@media all and (max-width: 1024px){.kadence-column144_f9e65d-44 > .kt-inside-inner-col{flex-direction:column;justify-content:center;}}@media all and (max-width: 767px){.kadence-column144_f9e65d-44 > .kt-inside-inner-col{flex-direction:column;justify-content:center;}}<\/style>\n<div class=\"wp-block-kadence-column kadence-column144_f9e65d-44 inner-column-2\"><div class=\"kt-inside-inner-col\"><\/div><\/div>\n\n<\/div><\/div>\n\n<style>.kb-row-layout-id144_ba5bd8-10 > .kt-row-column-wrap{align-content:start;}:where(.kb-row-layout-id144_ba5bd8-10 > .kt-row-column-wrap) > .wp-block-kadence-column{justify-content:start;}.kb-row-layout-id144_ba5bd8-10 > .kt-row-column-wrap{column-gap:var(--global-kb-gap-none, 0rem );row-gap:var(--global-kb-gap-md, 2rem);max-width:600px;margin-left:auto;margin-right:auto;padding-top:var(--global-kb-spacing-xl, 4rem);padding-bottom:var(--global-kb-spacing-xxl, 5rem);grid-template-columns:minmax(0, 1fr);}.kb-row-layout-id144_ba5bd8-10 > .kt-row-layout-overlay{opacity:0.30;}@media all and (max-width: 1024px){.kb-row-layout-id144_ba5bd8-10 > .kt-row-column-wrap{row-gap:var(--global-kb-gap-sm, 1rem);grid-template-columns:minmax(0, 1fr);}}@media all and (max-width: 767px){.kb-row-layout-id144_ba5bd8-10 > .kt-row-column-wrap{row-gap:var(--global-kb-gap-sm, 1rem);grid-template-columns:minmax(0, 1fr);}}<\/style><div class=\"kb-row-layout-wrap kb-row-layout-id144_ba5bd8-10 alignfull has-theme-palette9-background-color kt-row-has-bg wp-block-kadence-rowlayout\"><div class=\"kt-row-column-wrap kt-has-2-columns kt-row-layout-row kt-tab-layout-row kt-mobile-layout-row kt-row-valign-top\">\n<style>.kadence-column144_c71ae7-7f > .kt-inside-inner-col,.kadence-column144_c71ae7-7f > .kt-inside-inner-col:before{border-top-left-radius:0px;border-top-right-radius:0px;border-bottom-right-radius:0px;border-bottom-left-radius:0px;}.kadence-column144_c71ae7-7f > .kt-inside-inner-col{column-gap:var(--global-kb-gap-sm, 1rem);}.kadence-column144_c71ae7-7f > .kt-inside-inner-col{flex-direction:column;}.kadence-column144_c71ae7-7f > .kt-inside-inner-col > .aligncenter{width:100%;}.kadence-column144_c71ae7-7f > .kt-inside-inner-col:before{opacity:0.3;}.kadence-column144_c71ae7-7f{position:relative;}@media all and (max-width: 1024px){.kadence-column144_c71ae7-7f > .kt-inside-inner-col{flex-direction:column;justify-content:center;}}@media all and (max-width: 767px){.kadence-column144_c71ae7-7f > .kt-inside-inner-col{flex-direction:column;justify-content:center;}}<\/style>\n<div class=\"wp-block-kadence-column kadence-column144_c71ae7-7f inner-column-1\"><div class=\"kt-inside-inner-col\"><style>.wp-block-kadence-advancedheading.kt-adv-heading144_05d78b-bb, .wp-block-kadence-advancedheading.kt-adv-heading144_05d78b-bb[data-kb-block=\"kb-adv-heading144_05d78b-bb\"]{padding-bottom:var(--global-kb-spacing-sm, 1.5rem);margin-bottom:0px;font-size:var(--global-kb-font-size-lg, 2rem);line-height:1.2;font-style:normal;}.wp-block-kadence-advancedheading.kt-adv-heading144_05d78b-bb mark.kt-highlight, .wp-block-kadence-advancedheading.kt-adv-heading144_05d78b-bb[data-kb-block=\"kb-adv-heading144_05d78b-bb\"] mark.kt-highlight{font-style:normal;color:#f76a0c;-webkit-box-decoration-break:clone;box-decoration-break:clone;padding-top:0px;padding-right:0px;padding-bottom:0px;padding-left:0px;}.wp-block-kadence-advancedheading.kt-adv-heading144_05d78b-bb img.kb-inline-image, .wp-block-kadence-advancedheading.kt-adv-heading144_05d78b-bb[data-kb-block=\"kb-adv-heading144_05d78b-bb\"] img.kb-inline-image{width:150px;vertical-align:baseline;}<\/style>\n<h2 class=\"kt-adv-heading144_05d78b-bb wp-block-kadence-advancedheading has-theme-palette-3-color has-text-color\" data-kb-block=\"kb-adv-heading144_05d78b-bb\">Contact Us<\/h2>\n\n\n<style>.wp-block-kadence-advancedheading.kt-adv-heading144_f351d6-52, .wp-block-kadence-advancedheading.kt-adv-heading144_f351d6-52[data-kb-block=\"kb-adv-heading144_f351d6-52\"]{font-style:normal;}.wp-block-kadence-advancedheading.kt-adv-heading144_f351d6-52 mark.kt-highlight, .wp-block-kadence-advancedheading.kt-adv-heading144_f351d6-52[data-kb-block=\"kb-adv-heading144_f351d6-52\"] mark.kt-highlight{font-style:normal;color:#f76a0c;-webkit-box-decoration-break:clone;box-decoration-break:clone;padding-top:0px;padding-right:0px;padding-bottom:0px;padding-left:0px;}.wp-block-kadence-advancedheading.kt-adv-heading144_f351d6-52 img.kb-inline-image, .wp-block-kadence-advancedheading.kt-adv-heading144_f351d6-52[data-kb-block=\"kb-adv-heading144_f351d6-52\"] img.kb-inline-image{width:150px;vertical-align:baseline;}<\/style>\n<p class=\"kt-adv-heading144_f351d6-52 wp-block-kadence-advancedheading has-theme-palette-3-color has-text-color\" data-kb-block=\"kb-adv-heading144_f351d6-52\">Briefly describe what the form is for or provide additional context if required. Use inviting language.<\/p>\n<\/div><\/div>\n\n\n<style>.kadence-column144_102a54-b0 > .kt-inside-inner-col,.kadence-column144_102a54-b0 > .kt-inside-inner-col:before{border-top-left-radius:0px;border-top-right-radius:0px;border-bottom-right-radius:0px;border-bottom-left-radius:0px;}.kadence-column144_102a54-b0 > .kt-inside-inner-col{column-gap:var(--global-kb-gap-sm, 1rem);}.kadence-column144_102a54-b0 > .kt-inside-inner-col{flex-direction:column;}.kadence-column144_102a54-b0 > .kt-inside-inner-col > .aligncenter{width:100%;}.kadence-column144_102a54-b0 > .kt-inside-inner-col:before{opacity:0.3;}.kadence-column144_102a54-b0{position:relative;}@media all and (max-width: 1024px){.kadence-column144_102a54-b0 > .kt-inside-inner-col{flex-direction:column;justify-content:center;}}@media all and (max-width: 767px){.kadence-column144_102a54-b0 > .kt-inside-inner-col{flex-direction:column;justify-content:center;}}<\/style>\n<div class=\"wp-block-kadence-column kadence-column144_102a54-b0 inner-column-2\"><div class=\"kt-inside-inner-col\"><style>.kadence-form-144_1cb952-23 .kb-form .kadence-blocks-form-field .kb-text-style-field, .kadence-form-144_1cb952-23 .kb-form .kadence-blocks-form-field .kb-select-style-field{color:var(--global-palette4, #2D3748);background:var(--global-palette9, #ffffff);border-color:var(--global-palette6, #718096);}.kadence-form-144_1cb952-23 .kb-form .kadence-blocks-form-field > label{color:var(--global-palette3, #1A202C);}.kb-form input.kadence-blocks-field.verify{opacity:0.0;position:absolute;top:0.0;left:0.0;width:0.0;height:0.0;z-index:-1;}<\/style>\n<div class=\"wp-block-kadence-form kadence-form-144_1cb952-23 kb-form-wrap\"><form class=\"kb-form\" action=\"\" method=\"post\"><div class=\"kadence-blocks-form-field kb-field-desk-width-100 kb-input-size-standard\"><label for=\"kb_field_144_1cb952-23_0\">Full Name<span class=\"required\">*<\/span><\/label><input name=\"kb_field_0\" id=\"kb_field_144_1cb952-23_0\" data-label=\"Full Name\" type=\"text\" placeholder=\"\" value=\"\" data-type=\"text\" class=\"kb-field kb-text-style-field kb-text-field kb-field-0\" data-required=\"yes\"\/><\/div><div class=\"kadence-blocks-form-field kb-form-field-1 kb-field-desk-width-100 kb-input-size-standard\"><label for=\"kb_field_144_1cb952-23_1\">Email<span class=\"required\">*<\/span><\/label><input name=\"kb_field_1\" id=\"kb_field_144_1cb952-23_1\" data-label=\"Email\" type=\"email\" placeholder=\"\" value=\"\" data-type=\"email\" class=\"kb-field kb-text-style-field kb-email-field kb-field-1\" data-required=\"yes\"\/><\/div><div class=\"kadence-blocks-form-field kb-form-field-2 kb-field-desk-width-100 kb-input-size-standard\"><label for=\"kb_field_144_1cb952-23_2\">Message<span class=\"required\">*<\/span><\/label><textarea name=\"kb_field_2\" id=\"kb_field_144_1cb952-23_2\" data-label=\"Message\" type=\"textarea\" placeholder=\"\" data-type=\"textarea\" class=\"kb-field kb-text-style-field kb-textarea-field kb-field-2\" rows=\"4\" data-required=\"yes\"><\/textarea><\/div><input type=\"hidden\" name=\"_kb_form_id\" value=\"144_1cb952-23\"\/><input type=\"hidden\" name=\"_kb_form_post_id\" value=\"144\"\/><input type=\"hidden\" name=\"action\" value=\"kb_process_ajax_submit\"\/><label class=\"kadence-verify-label\">Email<input class=\"kadence-blocks-field verify\" type=\"text\" name=\"_kb_verify_email\" autocomplete=\"new-password\" aria-hidden=\"true\" placeholder=\"Email\" tabindex=\"-1\" data-1p-ignore=\"true\" data-lpignore=\"true\" \/><\/label><div class=\"kadence-blocks-form-field kb-submit-field kb-field-desk-width-100\"><button class=\"kb-forms-submit button kb-button-size-standard kb-button-width-auto\">Send Message<\/button><\/div><\/form><\/div>\n<noscript><div class=\"kadence-blocks-form-message kadence-blocks-form-warning\">Aby przes\u0142a\u0107 formularz, w\u0142\u0105cz obs\u0142ug\u0119 JavaScript w przegl\u0105darce<\/div><style>.kadence-form-144_1cb952-23 .kadence-blocks-form-field.kb-submit-field { display: none; }<\/style><\/noscript><\/div><\/div>\n\n<\/div><\/div>\n\n<style>.kb-row-layout-id144_1e2bf2-90 > .kt-row-column-wrap{align-content:start;}:where(.kb-row-layout-id144_1e2bf2-90 > .kt-row-column-wrap) > .wp-block-kadence-column{justify-content:start;}.kb-row-layout-id144_1e2bf2-90 > .kt-row-column-wrap{column-gap:var(--global-kb-gap-md, 2rem);row-gap:var(--global-kb-gap-md, 2rem);max-width:600px;margin-left:auto;margin-right:auto;padding-top:60px;padding-right:25px;padding-bottom:60px;padding-left:25px;grid-template-columns:minmax(0, 1fr);}.kb-row-layout-id144_1e2bf2-90 > .kt-row-layout-overlay{opacity:0.30;}@media all and (max-width: 1024px){.kb-row-layout-id144_1e2bf2-90 > .kt-row-column-wrap{grid-template-columns:minmax(0, 1fr);}}@media all and (max-width: 767px){.kb-row-layout-id144_1e2bf2-90 > .kt-row-column-wrap{grid-template-columns:minmax(0, 1fr);}}<\/style><div class=\"kb-row-layout-wrap kb-row-layout-id144_1e2bf2-90 alignfull has-theme-palette8-background-color kt-row-has-bg wp-block-kadence-rowlayout\"><div class=\"kt-row-column-wrap kt-has-1-columns kt-row-layout-equal kt-tab-layout-inherit kt-mobile-layout-row kt-row-valign-top\">\n<style>.kadence-column144_b09630-40 > .kt-inside-inner-col,.kadence-column144_b09630-40 > .kt-inside-inner-col:before{border-top-left-radius:0px;border-top-right-radius:0px;border-bottom-right-radius:0px;border-bottom-left-radius:0px;}.kadence-column144_b09630-40 > .kt-inside-inner-col{column-gap:var(--global-kb-gap-sm, 1rem);}.kadence-column144_b09630-40 > .kt-inside-inner-col{flex-direction:column;}.kadence-column144_b09630-40 > .kt-inside-inner-col > .aligncenter{width:100%;}.kadence-column144_b09630-40 > .kt-inside-inner-col:before{opacity:0.3;}.kadence-column144_b09630-40{position:relative;}@media all and (max-width: 1024px){.kadence-column144_b09630-40 > .kt-inside-inner-col{flex-direction:column;justify-content:center;}}@media all and (max-width: 767px){.kadence-column144_b09630-40 > .kt-inside-inner-col{flex-direction:column;justify-content:center;}}<\/style>\n<div class=\"wp-block-kadence-column kadence-column144_b09630-40 inner-column-1\"><div class=\"kt-inside-inner-col\">\n<p><\/p>\n\n\n<style>.kadence-form-144_da336c-b5 .kb-form .kadence-blocks-form-field .kb-text-style-field, .kadence-form-144_da336c-b5 .kb-form .kadence-blocks-form-field .kb-select-style-field{color:#ffffff;border-color:#abb8c3;}.kadence-form-144_da336c-b5 .kb-form .kadence-blocks-form-field .kb-forms-submit{color:var(--global-palette9, #ffffff);background:var(--global-palette4, #2D3748);}.kadence-form-144_da336c-b5 .kb-form .kadence-blocks-form-field .kb-forms-submit:hover, .kadence-form-144_da336c-b5 .kb-form .kadence-blocks-form-field .kb-forms-submit:focus {color:var(--global-palette9, #ffffff);background:var(--global-palette5, #4A5568);}.kadence-form-144_da336c-b5 .kb-form .kadence-blocks-form-field .kb-forms-submit{font-style:normal;font-weight:regular;}.kb-form input.kadence-blocks-field.verify{opacity:0.0;position:absolute;top:0.0;left:0.0;width:0.0;height:0.0;z-index:-1;}<\/style>\n<div class=\"wp-block-kadence-form kadence-form-144_da336c-b5 kb-form-wrap\"><form class=\"kb-form\" action=\"\" method=\"post\"><div class=\"kadence-blocks-form-field kb-field-desk-width-100 kb-input-size-standard\"><input name=\"kb_field_0\" id=\"kb_field_144_da336c-b5_0\" data-label=\"Name\" type=\"text\" placeholder=\"Full Name\" value=\"\" data-type=\"text\" class=\"kb-field kb-text-style-field kb-text-field kb-field-0\"\/><\/div><div class=\"kadence-blocks-form-field kb-form-field-1 kb-field-desk-width-100 kb-input-size-standard\"><input name=\"kb_field_1\" id=\"kb_field_144_da336c-b5_1\" data-label=\"Email\" type=\"email\" placeholder=\"Email Address\" value=\"\" data-type=\"email\" class=\"kb-field kb-text-style-field kb-email-field kb-field-1\" data-required=\"yes\"\/><\/div><div class=\"kadence-blocks-form-field kb-form-field-2 kb-field-desk-width-100 kb-input-size-standard\"><textarea name=\"kb_field_2\" id=\"kb_field_144_da336c-b5_2\" data-label=\"Message\" type=\"textarea\" placeholder=\"Type your comments to questions here...\" data-type=\"textarea\" class=\"kb-field kb-text-style-field kb-textarea-field kb-field-2\" rows=\"4\" data-required=\"yes\"><\/textarea><\/div><input type=\"hidden\" name=\"_kb_form_id\" value=\"144_da336c-b5\"\/><input type=\"hidden\" name=\"_kb_form_post_id\" value=\"144\"\/><input type=\"hidden\" name=\"action\" value=\"kb_process_ajax_submit\"\/><label class=\"kadence-verify-label\">Email<input class=\"kadence-blocks-field verify\" type=\"text\" name=\"_kb_verify_email\" autocomplete=\"new-password\" aria-hidden=\"true\" placeholder=\"Email\" tabindex=\"-1\" data-1p-ignore=\"true\" data-lpignore=\"true\" \/><\/label><div class=\"kadence-blocks-form-field kb-submit-field kb-field-desk-width-100\"><button class=\"kb-forms-submit button kb-button-size-standard kb-button-width-full\">SEND NOW<\/button><\/div><\/form><\/div>\n<noscript><div class=\"kadence-blocks-form-message kadence-blocks-form-warning\">Aby przes\u0142a\u0107 formularz, w\u0142\u0105cz obs\u0142ug\u0119 JavaScript w przegl\u0105darce<\/div><style>.kadence-form-144_da336c-b5 .kadence-blocks-form-field.kb-submit-field { display: none; }<\/style><\/noscript><\/div><\/div>\n\n<\/div><\/div>","protected":false},"excerpt":{"rendered":"<p>Contact Us Briefly describe what the form is for or provide additional context if required. Use inviting language.<\/p>","protected":false},"author":1,"featured_media":0,"parent":0,"menu_order":0,"comment_status":"closed","ping_status":"closed","template":"","meta":{"give_campaign_id":0,"_kadence_starter_templates_imported_post":true,"_kad_post_transparent":"","_kad_post_title":"","_kad_post_layout":"","_kad_post_sidebar_id":"","_kad_post_content_style":"","_kad_post_vertical_padding":"","_kad_post_feature":"","_kad_post_feature_position":"","_kad_post_header":false,"_kad_post_footer":false,"footnotes":""},"class_list":["post-144","page","type-page","status-publish","hentry"],"campaignId":"","jetpack_sharing_enabled":true,"_links":{"self":[{"href":"https:\/\/wojciechfilaber.com\/pl\/wp-json\/wp\/v2\/pages\/144","targetHints":{"allow":["GET"]}}],"collection":[{"href":"https:\/\/wojciechfilaber.com\/pl\/wp-json\/wp\/v2\/pages"}],"about":[{"href":"https:\/\/wojciechfilaber.com\/pl\/wp-json\/wp\/v2\/types\/page"}],"author":[{"embeddable":true,"href":"https:\/\/wojciechfilaber.com\/pl\/wp-json\/wp\/v2\/users\/1"}],"replies":[{"embeddable":true,"href":"https:\/\/wojciechfilaber.com\/pl\/wp-json\/wp\/v2\/comments?post=144"}],"version-history":[{"count":7,"href":"https:\/\/wojciechfilaber.com\/pl\/wp-json\/wp\/v2\/pages\/144\/revisions"}],"predecessor-version":[{"id":931,"href":"https:\/\/wojciechfilaber.com\/pl\/wp-json\/wp\/v2\/pages\/144\/revisions\/931"}],"wp:attachment":[{"href":"https:\/\/wojciechfilaber.com\/pl\/wp-json\/wp\/v2\/media?parent=144"}],"curies":[{"name":"wp","href":"https:\/\/api.w.org\/{rel}","templated":true}]}}