{"id":676,"date":"2024-02-04T22:56:47","date_gmt":"2024-02-04T22:56:47","guid":{"rendered":"https:\/\/wojciechfilaber.com\/?page_id=676"},"modified":"2024-02-24T00:11:41","modified_gmt":"2024-02-24T00:11:41","slug":"books","status":"publish","type":"page","link":"https:\/\/wojciechfilaber.com\/pl\/books\/","title":{"rendered":"Ksi\u0105\u017cki"},"content":{"rendered":"<p><strong>Moja pasja do historii zaowocowa\u0142a powie\u015bciami o wyj\u0105tkowych bohaterach.<\/strong><\/p>\n\n\n\n<p><strong>''Nied\u017awied\u017a wojny''<\/strong>wersja angielska:<strong> ''War Bear'')<\/strong><\/p>\n\n\n\n<p><strong><em>''Ciapek the Co-pilot Dog <\/em>(<\/strong>wersja angielska:<strong> <em>Ciapek drugi pilot<\/em>) <\/strong><\/p>\n\n\n\n<p><strong><em>The Shepherds of Monte Cassino<\/em>, <\/strong>i kontynuacja serii<strong> <em>Paws in Triumph &#8211; The Shepherds of Monte Cassino Strike Back<\/em><\/strong><\/p>\n\n\n\n<p><em><strong>The Heroes of Monte Cassino<\/strong><\/em><\/p>\n\n\n\n<p><em><strong>The Matchgirls&#8217; Strike<\/strong><\/em><\/p>\n\n\n\n<p><em><strong>The Rescue of the Forgotten Children<\/strong><\/em><\/p>\n\n\n\n<figure class=\"wp-block-image size-large is-resized\"><img loading=\"lazy\" decoding=\"async\" width=\"660\" height=\"1024\" src=\"https:\/\/wojciechfilaber.com\/wp-content\/uploads\/2024\/02\/6-2-660x1024.jpeg\" alt=\"\" class=\"wp-image-835\" style=\"width:840px;height:auto\" srcset=\"https:\/\/wojciechfilaber.com\/wp-content\/uploads\/2024\/02\/6-2-660x1024.jpeg 660w, https:\/\/wojciechfilaber.com\/wp-content\/uploads\/2024\/02\/6-2-600x931.jpeg 600w, https:\/\/wojciechfilaber.com\/wp-content\/uploads\/2024\/02\/6-2-193x300.jpeg 193w, https:\/\/wojciechfilaber.com\/wp-content\/uploads\/2024\/02\/6-2-768x1192.jpeg 768w, https:\/\/wojciechfilaber.com\/wp-content\/uploads\/2024\/02\/6-2-990x1536.jpeg 990w, https:\/\/wojciechfilaber.com\/wp-content\/uploads\/2024\/02\/6-2-1319x2048.jpeg 1319w, https:\/\/wojciechfilaber.com\/wp-content\/uploads\/2024\/02\/6-2-1320x2049.jpeg 1320w, https:\/\/wojciechfilaber.com\/wp-content\/uploads\/2024\/02\/6-2.jpeg 1583w\" sizes=\"auto, (max-width: 660px) 100vw, 660px\" \/><\/figure>\n\n\n\n<figure class=\"wp-block-image size-large is-resized\"><img loading=\"lazy\" decoding=\"async\" width=\"660\" height=\"1024\" src=\"https:\/\/wojciechfilaber.com\/wp-content\/uploads\/2024\/02\/Niedzwiedz-wojny-1-660x1024.jpeg\" alt=\"\" class=\"wp-image-836\" style=\"width:840px;height:auto\" srcset=\"https:\/\/wojciechfilaber.com\/wp-content\/uploads\/2024\/02\/Niedzwiedz-wojny-1-660x1024.jpeg 660w, https:\/\/wojciechfilaber.com\/wp-content\/uploads\/2024\/02\/Niedzwiedz-wojny-1-600x931.jpeg 600w, https:\/\/wojciechfilaber.com\/wp-content\/uploads\/2024\/02\/Niedzwiedz-wojny-1-193x300.jpeg 193w, https:\/\/wojciechfilaber.com\/wp-content\/uploads\/2024\/02\/Niedzwiedz-wojny-1-768x1192.jpeg 768w, https:\/\/wojciechfilaber.com\/wp-content\/uploads\/2024\/02\/Niedzwiedz-wojny-1-990x1536.jpeg 990w, https:\/\/wojciechfilaber.com\/wp-content\/uploads\/2024\/02\/Niedzwiedz-wojny-1-1319x2048.jpeg 1319w, https:\/\/wojciechfilaber.com\/wp-content\/uploads\/2024\/02\/Niedzwiedz-wojny-1-1320x2049.jpeg 1320w, https:\/\/wojciechfilaber.com\/wp-content\/uploads\/2024\/02\/Niedzwiedz-wojny-1.jpeg 1583w\" sizes=\"auto, (max-width: 660px) 100vw, 660px\" \/><\/figure>\n\n\n\n<figure class=\"wp-block-image size-large is-resized\"><img loading=\"lazy\" decoding=\"async\" width=\"660\" height=\"1024\" src=\"https:\/\/wojciechfilaber.com\/wp-content\/uploads\/2024\/02\/Paws-in-Triumph-1-660x1024.jpeg\" alt=\"\" class=\"wp-image-839\" style=\"width:840px;height:auto\" srcset=\"https:\/\/wojciechfilaber.com\/wp-content\/uploads\/2024\/02\/Paws-in-Triumph-1-660x1024.jpeg 660w, https:\/\/wojciechfilaber.com\/wp-content\/uploads\/2024\/02\/Paws-in-Triumph-1-600x931.jpeg 600w, https:\/\/wojciechfilaber.com\/wp-content\/uploads\/2024\/02\/Paws-in-Triumph-1-193x300.jpeg 193w, https:\/\/wojciechfilaber.com\/wp-content\/uploads\/2024\/02\/Paws-in-Triumph-1-768x1192.jpeg 768w, https:\/\/wojciechfilaber.com\/wp-content\/uploads\/2024\/02\/Paws-in-Triumph-1-990x1536.jpeg 990w, https:\/\/wojciechfilaber.com\/wp-content\/uploads\/2024\/02\/Paws-in-Triumph-1-1319x2048.jpeg 1319w, https:\/\/wojciechfilaber.com\/wp-content\/uploads\/2024\/02\/Paws-in-Triumph-1-1320x2049.jpeg 1320w, https:\/\/wojciechfilaber.com\/wp-content\/uploads\/2024\/02\/Paws-in-Triumph-1.jpeg 1583w\" sizes=\"auto, (max-width: 660px) 100vw, 660px\" \/><\/figure>\n\n\n\n<figure class=\"wp-block-image size-full is-resized\"><img loading=\"lazy\" decoding=\"async\" width=\"422\" height=\"655\" src=\"https:\/\/wojciechfilaber.com\/wp-content\/uploads\/2024\/02\/war-bear-cover-1.jpeg\" alt=\"\" class=\"wp-image-841\" style=\"width:840px;height:auto\" srcset=\"https:\/\/wojciechfilaber.com\/wp-content\/uploads\/2024\/02\/war-bear-cover-1.jpeg 422w, https:\/\/wojciechfilaber.com\/wp-content\/uploads\/2024\/02\/war-bear-cover-1-193x300.jpeg 193w\" sizes=\"auto, (max-width: 422px) 100vw, 422px\" \/><\/figure>\n\n\n\n<figure class=\"wp-block-image size-large is-resized\"><img loading=\"lazy\" decoding=\"async\" width=\"626\" height=\"1024\" src=\"https:\/\/wojciechfilaber.com\/wp-content\/uploads\/2024\/02\/3-3-626x1024.jpg\" alt=\"\" class=\"wp-image-845\" style=\"width:840px;height:auto\" srcset=\"https:\/\/wojciechfilaber.com\/wp-content\/uploads\/2024\/02\/3-3-626x1024.jpg 626w, https:\/\/wojciechfilaber.com\/wp-content\/uploads\/2024\/02\/3-3-scaled-600x981.jpg 600w, https:\/\/wojciechfilaber.com\/wp-content\/uploads\/2024\/02\/3-3-183x300.jpg 183w, https:\/\/wojciechfilaber.com\/wp-content\/uploads\/2024\/02\/3-3-768x1257.jpg 768w, https:\/\/wojciechfilaber.com\/wp-content\/uploads\/2024\/02\/3-3-939x1536.jpg 939w, https:\/\/wojciechfilaber.com\/wp-content\/uploads\/2024\/02\/3-3-1252x2048.jpg 1252w, https:\/\/wojciechfilaber.com\/wp-content\/uploads\/2024\/02\/3-3-1320x2160.jpg 1320w, https:\/\/wojciechfilaber.com\/wp-content\/uploads\/2024\/02\/3-3-scaled.jpg 1565w\" sizes=\"auto, (max-width: 626px) 100vw, 626px\" \/><\/figure>\n\n\n\n<figure class=\"wp-block-image size-large is-resized\"><img loading=\"lazy\" decoding=\"async\" width=\"660\" height=\"1024\" src=\"https:\/\/wojciechfilaber.com\/wp-content\/uploads\/2024\/02\/The-Heroes-of-Monte-Cassino_page-0001-1-660x1024.jpg\" alt=\"\" class=\"wp-image-847\" style=\"width:840px;height:auto\" srcset=\"https:\/\/wojciechfilaber.com\/wp-content\/uploads\/2024\/02\/The-Heroes-of-Monte-Cassino_page-0001-1-660x1024.jpg 660w, https:\/\/wojciechfilaber.com\/wp-content\/uploads\/2024\/02\/The-Heroes-of-Monte-Cassino_page-0001-1-600x931.jpg 600w, https:\/\/wojciechfilaber.com\/wp-content\/uploads\/2024\/02\/The-Heroes-of-Monte-Cassino_page-0001-1-193x300.jpg 193w, https:\/\/wojciechfilaber.com\/wp-content\/uploads\/2024\/02\/The-Heroes-of-Monte-Cassino_page-0001-1-768x1192.jpg 768w, https:\/\/wojciechfilaber.com\/wp-content\/uploads\/2024\/02\/The-Heroes-of-Monte-Cassino_page-0001-1.jpg 900w\" sizes=\"auto, (max-width: 660px) 100vw, 660px\" \/><\/figure>\n\n\n\n<figure class=\"wp-block-image size-large\"><img loading=\"lazy\" decoding=\"async\" width=\"653\" height=\"1024\" src=\"https:\/\/wojciechfilaber.com\/wp-content\/uploads\/2024\/02\/9781739115531-1-653x1024.jpg\" alt=\"\" class=\"wp-image-850\" srcset=\"https:\/\/wojciechfilaber.com\/wp-content\/uploads\/2024\/02\/9781739115531-1-653x1024.jpg 653w, https:\/\/wojciechfilaber.com\/wp-content\/uploads\/2024\/02\/9781739115531-1-scaled-600x941.jpg 600w, https:\/\/wojciechfilaber.com\/wp-content\/uploads\/2024\/02\/9781739115531-1-191x300.jpg 191w, https:\/\/wojciechfilaber.com\/wp-content\/uploads\/2024\/02\/9781739115531-1-768x1204.jpg 768w, https:\/\/wojciechfilaber.com\/wp-content\/uploads\/2024\/02\/9781739115531-1-980x1536.jpg 980w, https:\/\/wojciechfilaber.com\/wp-content\/uploads\/2024\/02\/9781739115531-1-1307x2048.jpg 1307w, https:\/\/wojciechfilaber.com\/wp-content\/uploads\/2024\/02\/9781739115531-1-1320x2069.jpg 1320w, https:\/\/wojciechfilaber.com\/wp-content\/uploads\/2024\/02\/9781739115531-1-scaled.jpg 1633w\" sizes=\"auto, (max-width: 653px) 100vw, 653px\" \/><\/figure>\n\n\n\n<p><strong>Pod\u0105\u017caj\u0105c za wybitnymi powie\u015bciami literackimi, skupi\u0142em swoj\u0105 uwag\u0119 na m\u0142odszych czytelnikach i stworzy\u0142em szereg ksi\u0105\u017cek dla dzieci.<\/strong><\/p>\n\n\n\n<p><strong><em>Ciapek the Forgotten War Hero<\/em> (<\/strong>wersja angielska:<strong> <em>''Ciapek zapomniany bohater wojny''<\/em>)<\/strong><\/p>\n\n\n\n<p><strong><em>Smokey the Brave Paratrooper<\/em> (<\/strong>wersja angielska:<strong> <em>Smokey odwa\u017cny spadochroniarz<\/em>)<\/strong><\/p>\n\n\n\n<figure class=\"wp-block-image size-large is-resized\"><img loading=\"lazy\" decoding=\"async\" width=\"786\" height=\"1024\" src=\"https:\/\/wojciechfilaber.com\/wp-content\/uploads\/2024\/02\/4-1-786x1024.png\" alt=\"\" class=\"wp-image-854\" style=\"width:840px;height:auto\" srcset=\"https:\/\/wojciechfilaber.com\/wp-content\/uploads\/2024\/02\/4-1-786x1024.png 786w, https:\/\/wojciechfilaber.com\/wp-content\/uploads\/2024\/02\/4-1-600x781.png 600w, https:\/\/wojciechfilaber.com\/wp-content\/uploads\/2024\/02\/4-1-230x300.png 230w, https:\/\/wojciechfilaber.com\/wp-content\/uploads\/2024\/02\/4-1-768x1000.png 768w, https:\/\/wojciechfilaber.com\/wp-content\/uploads\/2024\/02\/4-1-1179x1536.png 1179w, https:\/\/wojciechfilaber.com\/wp-content\/uploads\/2024\/02\/4-1-1572x2048.png 1572w, https:\/\/wojciechfilaber.com\/wp-content\/uploads\/2024\/02\/4-1-1320x1719.png 1320w\" sizes=\"auto, (max-width: 786px) 100vw, 786px\" \/><\/figure>\n\n\n\n<figure class=\"wp-block-image size-large is-resized\"><img loading=\"lazy\" decoding=\"async\" width=\"786\" height=\"1024\" src=\"https:\/\/wojciechfilaber.com\/wp-content\/uploads\/2024\/02\/9781739459819-1-786x1024.jpg\" alt=\"\" class=\"wp-image-855\" style=\"width:840px;height:auto\" srcset=\"https:\/\/wojciechfilaber.com\/wp-content\/uploads\/2024\/02\/9781739459819-1-786x1024.jpg 786w, https:\/\/wojciechfilaber.com\/wp-content\/uploads\/2024\/02\/9781739459819-1-600x781.jpg 600w, https:\/\/wojciechfilaber.com\/wp-content\/uploads\/2024\/02\/9781739459819-1-230x300.jpg 230w, https:\/\/wojciechfilaber.com\/wp-content\/uploads\/2024\/02\/9781739459819-1-768x1000.jpg 768w, https:\/\/wojciechfilaber.com\/wp-content\/uploads\/2024\/02\/9781739459819-1-1179x1536.jpg 1179w, https:\/\/wojciechfilaber.com\/wp-content\/uploads\/2024\/02\/9781739459819-1.jpg 1270w\" sizes=\"auto, (max-width: 786px) 100vw, 786px\" \/><\/figure>\n\n\n\n<figure class=\"wp-block-image size-large is-resized\"><img loading=\"lazy\" decoding=\"async\" width=\"786\" height=\"1024\" src=\"https:\/\/wojciechfilaber.com\/wp-content\/uploads\/2024\/02\/9781739115500.png-786x1024.png\" alt=\"\" class=\"wp-image-857\" style=\"width:840px;height:auto\" srcset=\"https:\/\/wojciechfilaber.com\/wp-content\/uploads\/2024\/02\/9781739115500.png-786x1024.png 786w, https:\/\/wojciechfilaber.com\/wp-content\/uploads\/2024\/02\/9781739115500.png-600x781.png 600w, https:\/\/wojciechfilaber.com\/wp-content\/uploads\/2024\/02\/9781739115500.png-230x300.png 230w, https:\/\/wojciechfilaber.com\/wp-content\/uploads\/2024\/02\/9781739115500.png-768x1000.png 768w, https:\/\/wojciechfilaber.com\/wp-content\/uploads\/2024\/02\/9781739115500.png-1179x1536.png 1179w, https:\/\/wojciechfilaber.com\/wp-content\/uploads\/2024\/02\/9781739115500.png-1572x2048.png 1572w, https:\/\/wojciechfilaber.com\/wp-content\/uploads\/2024\/02\/9781739115500.png-1320x1719.png 1320w\" sizes=\"auto, (max-width: 786px) 100vw, 786px\" \/><\/figure>\n\n\n\n<figure class=\"wp-block-image size-large is-resized\"><img loading=\"lazy\" decoding=\"async\" width=\"786\" height=\"1024\" src=\"https:\/\/wojciechfilaber.com\/wp-content\/uploads\/2024\/02\/Smokey-odwazny-boahter-1-786x1024.jpg\" alt=\"\" class=\"wp-image-859\" style=\"width:840px;height:auto\" srcset=\"https:\/\/wojciechfilaber.com\/wp-content\/uploads\/2024\/02\/Smokey-odwazny-boahter-1-786x1024.jpg 786w, https:\/\/wojciechfilaber.com\/wp-content\/uploads\/2024\/02\/Smokey-odwazny-boahter-1-600x781.jpg 600w, https:\/\/wojciechfilaber.com\/wp-content\/uploads\/2024\/02\/Smokey-odwazny-boahter-1-230x300.jpg 230w, https:\/\/wojciechfilaber.com\/wp-content\/uploads\/2024\/02\/Smokey-odwazny-boahter-1-768x1000.jpg 768w, https:\/\/wojciechfilaber.com\/wp-content\/uploads\/2024\/02\/Smokey-odwazny-boahter-1-1179x1536.jpg 1179w, https:\/\/wojciechfilaber.com\/wp-content\/uploads\/2024\/02\/Smokey-odwazny-boahter-1.jpg 1270w\" sizes=\"auto, (max-width: 786px) 100vw, 786px\" \/><\/figure>\n\n\n\n<p><strong>Pod\u0105\u017caj\u0105c za pasj\u0105 do pisania dla dzieci, stworzy\u0142em ksi\u0105\u017ceczki do kolorowania \ni zestawy \u0107wicze\u0144. <\/strong><\/p>\n\n\n\n<figure class=\"wp-block-image size-large is-resized\"><img loading=\"lazy\" decoding=\"async\" width=\"724\" height=\"1024\" src=\"https:\/\/wojciechfilaber.com\/wp-content\/uploads\/2024\/02\/CIAPEK-colouring-1-front_page-0001-1-724x1024.jpg\" alt=\"\" class=\"wp-image-866\" style=\"width:840px;height:auto\" srcset=\"https:\/\/wojciechfilaber.com\/wp-content\/uploads\/2024\/02\/CIAPEK-colouring-1-front_page-0001-1-724x1024.jpg 724w, https:\/\/wojciechfilaber.com\/wp-content\/uploads\/2024\/02\/CIAPEK-colouring-1-front_page-0001-1-600x849.jpg 600w, https:\/\/wojciechfilaber.com\/wp-content\/uploads\/2024\/02\/CIAPEK-colouring-1-front_page-0001-1-212x300.jpg 212w, https:\/\/wojciechfilaber.com\/wp-content\/uploads\/2024\/02\/CIAPEK-colouring-1-front_page-0001-1-768x1087.jpg 768w, https:\/\/wojciechfilaber.com\/wp-content\/uploads\/2024\/02\/CIAPEK-colouring-1-front_page-0001-1-1085x1536.jpg 1085w, https:\/\/wojciechfilaber.com\/wp-content\/uploads\/2024\/02\/CIAPEK-colouring-1-front_page-0001-1.jpg 1240w\" sizes=\"auto, (max-width: 724px) 100vw, 724px\" \/><\/figure>\n\n\n\n<figure class=\"wp-block-image size-large is-resized\"><img loading=\"lazy\" decoding=\"async\" width=\"724\" height=\"1024\" src=\"https:\/\/wojciechfilaber.com\/wp-content\/uploads\/2024\/02\/CIAPEK-ZESTAW-CWICZEN-front-cover_page-0001-1-724x1024.jpg\" alt=\"\" class=\"wp-image-869\" style=\"width:840px;height:auto\" srcset=\"https:\/\/wojciechfilaber.com\/wp-content\/uploads\/2024\/02\/CIAPEK-ZESTAW-CWICZEN-front-cover_page-0001-1-724x1024.jpg 724w, https:\/\/wojciechfilaber.com\/wp-content\/uploads\/2024\/02\/CIAPEK-ZESTAW-CWICZEN-front-cover_page-0001-1-600x849.jpg 600w, https:\/\/wojciechfilaber.com\/wp-content\/uploads\/2024\/02\/CIAPEK-ZESTAW-CWICZEN-front-cover_page-0001-1-212x300.jpg 212w, https:\/\/wojciechfilaber.com\/wp-content\/uploads\/2024\/02\/CIAPEK-ZESTAW-CWICZEN-front-cover_page-0001-1-768x1087.jpg 768w, https:\/\/wojciechfilaber.com\/wp-content\/uploads\/2024\/02\/CIAPEK-ZESTAW-CWICZEN-front-cover_page-0001-1-1085x1536.jpg 1085w, https:\/\/wojciechfilaber.com\/wp-content\/uploads\/2024\/02\/CIAPEK-ZESTAW-CWICZEN-front-cover_page-0001-1.jpg 1240w\" sizes=\"auto, (max-width: 724px) 100vw, 724px\" \/><\/figure>\n\n\n\n<figure class=\"wp-block-image size-large\"><img loading=\"lazy\" decoding=\"async\" width=\"724\" height=\"1024\" src=\"https:\/\/wojciechfilaber.com\/wp-content\/uploads\/2024\/02\/Ciapek-Kolorowanka-2-724x1024.jpg\" alt=\"\" class=\"wp-image-871\" srcset=\"https:\/\/wojciechfilaber.com\/wp-content\/uploads\/2024\/02\/Ciapek-Kolorowanka-2-724x1024.jpg 724w, https:\/\/wojciechfilaber.com\/wp-content\/uploads\/2024\/02\/Ciapek-Kolorowanka-2-600x849.jpg 600w, https:\/\/wojciechfilaber.com\/wp-content\/uploads\/2024\/02\/Ciapek-Kolorowanka-2-212x300.jpg 212w, https:\/\/wojciechfilaber.com\/wp-content\/uploads\/2024\/02\/Ciapek-Kolorowanka-2-768x1087.jpg 768w, https:\/\/wojciechfilaber.com\/wp-content\/uploads\/2024\/02\/Ciapek-Kolorowanka-2-1085x1536.jpg 1085w, https:\/\/wojciechfilaber.com\/wp-content\/uploads\/2024\/02\/Ciapek-Kolorowanka-2.jpg 1240w\" sizes=\"auto, (max-width: 724px) 100vw, 724px\" \/><\/figure>\n\n\n\n<p><strong>Stworzy\u0142em r\u00f3wnie\u017c powie\u015bci graficzne, czyli komiksy dla najm\u0142odszych. <\/strong><\/p>\n\n\n\n<p><strong><em>Ciapek the Flying Pooch<\/em> (<\/strong>wersja angielska: <strong><em>Ciapek lataj\u0105cy pies<\/em>)<\/strong><\/p>\n\n\n\n<p><strong><em>Smokey the Para Dog<\/em> (<\/strong>wersja angielska:<strong> <em>Smokey pies spadochroniarz<\/em>)<\/strong><\/p>\n\n\n\n<p><strong><em>Wojtek the Enlisted Soldier<\/em> (<\/strong>wersja angielska:<strong> <em>Wojtek szeregowy \u017co\u0142nierz<\/em>)<\/strong><\/p>\n\n\n\n<figure class=\"wp-block-image size-large is-resized\"><img loading=\"lazy\" decoding=\"async\" width=\"720\" height=\"1024\" src=\"https:\/\/wojciechfilaber.com\/wp-content\/uploads\/2024\/02\/Final_Polish_Front_Cover_Resized_page-0001-1-1-720x1024.jpg\" alt=\"\" class=\"wp-image-874\" style=\"width:840px;height:auto\" srcset=\"https:\/\/wojciechfilaber.com\/wp-content\/uploads\/2024\/02\/Final_Polish_Front_Cover_Resized_page-0001-1-1-720x1024.jpg 720w, https:\/\/wojciechfilaber.com\/wp-content\/uploads\/2024\/02\/Final_Polish_Front_Cover_Resized_page-0001-1-1-600x854.jpg 600w, https:\/\/wojciechfilaber.com\/wp-content\/uploads\/2024\/02\/Final_Polish_Front_Cover_Resized_page-0001-1-1-211x300.jpg 211w, https:\/\/wojciechfilaber.com\/wp-content\/uploads\/2024\/02\/Final_Polish_Front_Cover_Resized_page-0001-1-1-768x1093.jpg 768w, https:\/\/wojciechfilaber.com\/wp-content\/uploads\/2024\/02\/Final_Polish_Front_Cover_Resized_page-0001-1-1-1079x1536.jpg 1079w, https:\/\/wojciechfilaber.com\/wp-content\/uploads\/2024\/02\/Final_Polish_Front_Cover_Resized_page-0001-1-1.jpg 1258w\" sizes=\"auto, (max-width: 720px) 100vw, 720px\" \/><\/figure>\n\n\n\n<figure class=\"wp-block-image size-full is-resized\"><img loading=\"lazy\" decoding=\"async\" width=\"336\" height=\"455\" src=\"https:\/\/wojciechfilaber.com\/wp-content\/uploads\/2024\/02\/Smokey-okladka-1.png\" alt=\"\" class=\"wp-image-876\" style=\"width:840px;height:auto\" srcset=\"https:\/\/wojciechfilaber.com\/wp-content\/uploads\/2024\/02\/Smokey-okladka-1.png 336w, https:\/\/wojciechfilaber.com\/wp-content\/uploads\/2024\/02\/Smokey-okladka-1-222x300.png 222w\" sizes=\"auto, (max-width: 336px) 100vw, 336px\" \/><\/figure>\n\n\n\n<figure class=\"wp-block-image size-full is-resized\"><img loading=\"lazy\" decoding=\"async\" width=\"438\" height=\"659\" src=\"https:\/\/wojciechfilaber.com\/wp-content\/uploads\/2024\/02\/Ciapek-cover-Polish-1.png\" alt=\"\" class=\"wp-image-878\" style=\"width:840px;height:auto\" srcset=\"https:\/\/wojciechfilaber.com\/wp-content\/uploads\/2024\/02\/Ciapek-cover-Polish-1.png 438w, https:\/\/wojciechfilaber.com\/wp-content\/uploads\/2024\/02\/Ciapek-cover-Polish-1-199x300.png 199w\" sizes=\"auto, (max-width: 438px) 100vw, 438px\" \/><\/figure>\n\n\n\n<figure class=\"wp-block-image size-large is-resized\"><img loading=\"lazy\" decoding=\"async\" width=\"720\" height=\"1024\" src=\"https:\/\/wojciechfilaber.com\/wp-content\/uploads\/2024\/02\/9781739459857-720x1024.jpg\" alt=\"\" class=\"wp-image-879\" style=\"width:840px;height:auto\" srcset=\"https:\/\/wojciechfilaber.com\/wp-content\/uploads\/2024\/02\/9781739459857-720x1024.jpg 720w, https:\/\/wojciechfilaber.com\/wp-content\/uploads\/2024\/02\/9781739459857-600x854.jpg 600w, https:\/\/wojciechfilaber.com\/wp-content\/uploads\/2024\/02\/9781739459857-211x300.jpg 211w, https:\/\/wojciechfilaber.com\/wp-content\/uploads\/2024\/02\/9781739459857-768x1093.jpg 768w, https:\/\/wojciechfilaber.com\/wp-content\/uploads\/2024\/02\/9781739459857-1079x1536.jpg 1079w, https:\/\/wojciechfilaber.com\/wp-content\/uploads\/2024\/02\/9781739459857.jpg 1258w\" sizes=\"auto, (max-width: 720px) 100vw, 720px\" \/><\/figure>\n\n\n\n<figure class=\"wp-block-image size-large is-resized\"><img loading=\"lazy\" decoding=\"async\" width=\"768\" height=\"1024\" src=\"https:\/\/wojciechfilaber.com\/wp-content\/uploads\/2024\/02\/9781739459871-2-768x1024.jpg\" alt=\"\" class=\"wp-image-881\" style=\"width:840px;height:auto\" srcset=\"https:\/\/wojciechfilaber.com\/wp-content\/uploads\/2024\/02\/9781739459871-2-768x1024.jpg 768w, https:\/\/wojciechfilaber.com\/wp-content\/uploads\/2024\/02\/9781739459871-2-scaled-600x800.jpg 600w, https:\/\/wojciechfilaber.com\/wp-content\/uploads\/2024\/02\/9781739459871-2-225x300.jpg 225w, https:\/\/wojciechfilaber.com\/wp-content\/uploads\/2024\/02\/9781739459871-2-1152x1536.jpg 1152w, https:\/\/wojciechfilaber.com\/wp-content\/uploads\/2024\/02\/9781739459871-2-1536x2048.jpg 1536w, https:\/\/wojciechfilaber.com\/wp-content\/uploads\/2024\/02\/9781739459871-2-1320x1760.jpg 1320w, https:\/\/wojciechfilaber.com\/wp-content\/uploads\/2024\/02\/9781739459871-2-scaled.jpg 1920w\" sizes=\"auto, (max-width: 768px) 100vw, 768px\" \/><\/figure>\n\n\n\n<figure class=\"wp-block-image size-large\"><img loading=\"lazy\" decoding=\"async\" width=\"768\" height=\"1024\" src=\"https:\/\/wojciechfilaber.com\/wp-content\/uploads\/2024\/02\/9781739459833-1-768x1024.jpg\" alt=\"\" class=\"wp-image-883\" srcset=\"https:\/\/wojciechfilaber.com\/wp-content\/uploads\/2024\/02\/9781739459833-1-768x1024.jpg 768w, https:\/\/wojciechfilaber.com\/wp-content\/uploads\/2024\/02\/9781739459833-1-scaled-600x800.jpg 600w, https:\/\/wojciechfilaber.com\/wp-content\/uploads\/2024\/02\/9781739459833-1-225x300.jpg 225w, https:\/\/wojciechfilaber.com\/wp-content\/uploads\/2024\/02\/9781739459833-1-1152x1536.jpg 1152w, https:\/\/wojciechfilaber.com\/wp-content\/uploads\/2024\/02\/9781739459833-1-1536x2048.jpg 1536w, https:\/\/wojciechfilaber.com\/wp-content\/uploads\/2024\/02\/9781739459833-1-1320x1760.jpg 1320w, https:\/\/wojciechfilaber.com\/wp-content\/uploads\/2024\/02\/9781739459833-1-scaled.jpg 1920w\" sizes=\"auto, (max-width: 768px) 100vw, 768px\" \/><\/figure>","protected":false},"excerpt":{"rendered":"<p>Wojciech&#8217;s passion for history has grown and he has authored a number of novels about unique heroes: War Bear (Polish: Niedzwiedz wojny) Ciapek the Co-pilot Dog (Polish: Ciapek drugi pilot) The Shepherds of Monte Cassino, and its follow up: Paws in Triumph &#8211; The Shepherds of Monte Cassino Strike Back The Heroes of Monte Cassino&#8230;<\/p>","protected":false},"author":1,"featured_media":0,"parent":0,"menu_order":0,"comment_status":"closed","ping_status":"closed","template":"","meta":{"give_campaign_id":0,"_kadence_starter_templates_imported_post":false,"_kad_post_transparent":"","_kad_post_title":"","_kad_post_layout":"","_kad_post_sidebar_id":"","_kad_post_content_style":"","_kad_post_vertical_padding":"","_kad_post_feature":"","_kad_post_feature_position":"","_kad_post_header":false,"_kad_post_footer":false,"footnotes":""},"class_list":["post-676","page","type-page","status-publish","hentry"],"campaignId":"","jetpack_sharing_enabled":true,"_links":{"self":[{"href":"https:\/\/wojciechfilaber.com\/pl\/wp-json\/wp\/v2\/pages\/676","targetHints":{"allow":["GET"]}}],"collection":[{"href":"https:\/\/wojciechfilaber.com\/pl\/wp-json\/wp\/v2\/pages"}],"about":[{"href":"https:\/\/wojciechfilaber.com\/pl\/wp-json\/wp\/v2\/types\/page"}],"author":[{"embeddable":true,"href":"https:\/\/wojciechfilaber.com\/pl\/wp-json\/wp\/v2\/users\/1"}],"replies":[{"embeddable":true,"href":"https:\/\/wojciechfilaber.com\/pl\/wp-json\/wp\/v2\/comments?post=676"}],"version-history":[{"count":46,"href":"https:\/\/wojciechfilaber.com\/pl\/wp-json\/wp\/v2\/pages\/676\/revisions"}],"predecessor-version":[{"id":903,"href":"https:\/\/wojciechfilaber.com\/pl\/wp-json\/wp\/v2\/pages\/676\/revisions\/903"}],"wp:attachment":[{"href":"https:\/\/wojciechfilaber.com\/pl\/wp-json\/wp\/v2\/media?parent=676"}],"curies":[{"name":"wp","href":"https:\/\/api.w.org\/{rel}","templated":true}]}}