{"id":505,"date":"2024-02-03T15:03:33","date_gmt":"2024-02-03T15:03:33","guid":{"rendered":"https:\/\/wojciechfilaber.com\/?post_type=product&#038;p=505"},"modified":"2024-02-09T00:16:24","modified_gmt":"2024-02-09T00:16:24","slug":"niedzwiedz-wojny","status":"publish","type":"product","link":"https:\/\/wojciechfilaber.com\/pl\/produkt\/niedzwiedz-wojny\/","title":{"rendered":"Niedzwiedz wojny"},"content":{"rendered":"<table>\n<tbody>\n<tr>\n<td>Odkryj wyj\u0105tkow\u0105 histori\u0119 Wojtka, nied\u017awiedzia-\u017co\u0142nierza, kt\u00f3ry walczy\u0142 po stronie Polskiej Armii. Adoptowany przez \u017co\u0142nierzy z 22 Kompanii Zaopatrywania Artylerii, Wojtek musia\u0142 nauczy\u0107 si\u0119 nowych umiej\u0119tno\u015bci i przystosowa\u0107 do trudnych warunk\u00f3w wojny.<\/p>\n<p>&nbsp;<\/td>\n<\/tr>\n<\/tbody>\n<\/table>\n<p>Publisher \u200f: Wydawnictwo Psychoskok<\/p>\n<p>Psychoskok (1 Jan. 2021)<\/p>\n<p>Language: \u200e Polish<\/p>\n<p>Paperback: \u200e 198 pages<\/p>\n<p>ISBN-10: \u200e 8381198097<\/p>\n<p>ISBN-13: \u200e 978-8381198097<\/p>\n<p>Dimensions: \u200e 1960 x 140 x 1290 cm<\/p>\n<p>Reading age: 7 until 100<\/p>\n<p>&nbsp;<\/p>","protected":false},"excerpt":{"rendered":"<p>Ksiazka opowiada..<\/p>","protected":false},"featured_media":506,"comment_status":"open","ping_status":"closed","template":"","meta":{"give_campaign_id":0,"_kadence_starter_templates_imported_post":false,"_kad_post_transparent":"","_kad_post_title":"","_kad_post_layout":"","_kad_post_sidebar_id":"","_kad_post_content_style":"","_kad_post_vertical_padding":"","_kad_post_feature":"","_kad_post_feature_position":"","_kad_post_header":false,"_kad_post_footer":false},"product_brand":[],"product_cat":[15],"product_tag":[],"class_list":{"0":"post-505","1":"product","2":"type-product","3":"status-publish","4":"has-post-thumbnail","6":"product_cat-uncategorized","8":"first","9":"instock","10":"shipping-taxable","11":"purchasable","12":"product-type-simple","13":"entry","14":"content-bg","15":"loop-entry"},"jetpack_sharing_enabled":true,"_links":{"self":[{"href":"https:\/\/wojciechfilaber.com\/pl\/wp-json\/wp\/v2\/product\/505","targetHints":{"allow":["GET"]}}],"collection":[{"href":"https:\/\/wojciechfilaber.com\/pl\/wp-json\/wp\/v2\/product"}],"about":[{"href":"https:\/\/wojciechfilaber.com\/pl\/wp-json\/wp\/v2\/types\/product"}],"replies":[{"embeddable":true,"href":"https:\/\/wojciechfilaber.com\/pl\/wp-json\/wp\/v2\/comments?post=505"}],"wp:featuredmedia":[{"embeddable":true,"href":"https:\/\/wojciechfilaber.com\/pl\/wp-json\/wp\/v2\/media\/506"}],"wp:attachment":[{"href":"https:\/\/wojciechfilaber.com\/pl\/wp-json\/wp\/v2\/media?parent=505"}],"wp:term":[{"taxonomy":"product_brand","embeddable":true,"href":"https:\/\/wojciechfilaber.com\/pl\/wp-json\/wp\/v2\/product_brand?post=505"},{"taxonomy":"product_cat","embeddable":true,"href":"https:\/\/wojciechfilaber.com\/pl\/wp-json\/wp\/v2\/product_cat?post=505"},{"taxonomy":"product_tag","embeddable":true,"href":"https:\/\/wojciechfilaber.com\/pl\/wp-json\/wp\/v2\/product_tag?post=505"}],"curies":[{"name":"wp","href":"https:\/\/api.w.org\/{rel}","templated":true}]}}