{"id":731,"date":"2024-02-04T23:58:30","date_gmt":"2024-02-04T23:58:30","guid":{"rendered":"https:\/\/wojciechfilaber.com\/?post_type=product&#038;p=731"},"modified":"2024-11-20T20:51:46","modified_gmt":"2024-11-20T20:51:46","slug":"ciapek-latajacy-pies","status":"publish","type":"product","link":"https:\/\/wojciechfilaber.com\/pl\/produkt\/ciapek-latajacy-pies\/","title":{"rendered":"Ciapek lataj\u0105cy pies"},"content":{"rendered":"<p>Ciapek, odwa\u017cny kundel, maskotka polskiego 305 Dywizjonu Bombowego, kt\u00f3ry wzi\u0105\u0142 udzia\u0142 w o\u015bmiu misjach bojowych polskiej eskadry. Zapoznaj si\u0119 z ma\u0142o znana historia oraz przygodami zapomnianego pieska Ciapka, kt\u00f3ry razem ze swoim opiekunem, pilotem Jackiem i przyjaci\u00f3\u0142mi z bombowca dzielnie towarzyszy\u0142 z nalotach na niemieckie obiekty strategiczne. Przeczytaj o bardzo niebezpiecznej misji, w kt\u00f3rej Ciapek bra\u0142 udzia\u0142 a dowiesz si\u0119 o losie jaki go spotka\u0142 oraz prze\u017cyciach tego inteligentnego czworono\u017cnego bohatera.<\/p>\n<p>Wydawca: \u200e Wojciech Filaber 2023<\/p>\n<p>J\u0119zyk: polski<\/p>\n<p>Format: papier, komiks w stylu manga<\/p>\n<p>Ilo\u015b\u0107 stron: \u200e24<\/p>\n<p>Numer ISBN: \u200e9781739459864<\/p>\n<p>Rozmiar: 23.5 x 0.5 x 15.5 cm<\/p>\n<p>Wiek czytelnika:\u200e 4 &#8211; 14 lat<\/p>","protected":false},"excerpt":{"rendered":"<p>Ciapek, odwa\u017cny kundel, maskotka polskiego 305 Dywizjonu Bombowego, kt\u00f3ry wzi\u0105\u0142 udzia\u0142 w o\u015bmiu misjach bojowych polskiej eskadry. Zapoznaj si\u0119 z ma\u0142o znana historia oraz przygodami zapomnianego pieska Ciapka, kt\u00f3ry razem ze swoim opiekunem, pilotem Jackiem i przyjaci\u00f3\u0142mi z bombowca dzielnie towarzyszy\u0142 z nalotach na niemieckie obiekty strategiczne. Przeczytaj o bardzo niebezpiecznej misji, w kt\u00f3rej Ciapek&#8230;<\/p>","protected":false},"featured_media":721,"comment_status":"open","ping_status":"closed","template":"","meta":{"give_campaign_id":0,"_kadence_starter_templates_imported_post":false,"_kad_post_transparent":"default","_kad_post_title":"","_kad_post_layout":"default","_kad_post_sidebar_id":"","_kad_post_content_style":"default","_kad_post_vertical_padding":"default","_kad_post_feature":"","_kad_post_feature_position":"","_kad_post_header":false,"_kad_post_footer":false},"product_brand":[],"product_cat":[15],"product_tag":[],"class_list":{"0":"post-731","1":"product","2":"type-product","3":"status-publish","4":"has-post-thumbnail","6":"product_cat-uncategorized","8":"first","9":"instock","10":"shipping-taxable","11":"purchasable","12":"product-type-simple","13":"entry","14":"content-bg","15":"loop-entry"},"jetpack_sharing_enabled":true,"_links":{"self":[{"href":"https:\/\/wojciechfilaber.com\/pl\/wp-json\/wp\/v2\/product\/731","targetHints":{"allow":["GET"]}}],"collection":[{"href":"https:\/\/wojciechfilaber.com\/pl\/wp-json\/wp\/v2\/product"}],"about":[{"href":"https:\/\/wojciechfilaber.com\/pl\/wp-json\/wp\/v2\/types\/product"}],"replies":[{"embeddable":true,"href":"https:\/\/wojciechfilaber.com\/pl\/wp-json\/wp\/v2\/comments?post=731"}],"wp:featuredmedia":[{"embeddable":true,"href":"https:\/\/wojciechfilaber.com\/pl\/wp-json\/wp\/v2\/media\/721"}],"wp:attachment":[{"href":"https:\/\/wojciechfilaber.com\/pl\/wp-json\/wp\/v2\/media?parent=731"}],"wp:term":[{"taxonomy":"product_brand","embeddable":true,"href":"https:\/\/wojciechfilaber.com\/pl\/wp-json\/wp\/v2\/product_brand?post=731"},{"taxonomy":"product_cat","embeddable":true,"href":"https:\/\/wojciechfilaber.com\/pl\/wp-json\/wp\/v2\/product_cat?post=731"},{"taxonomy":"product_tag","embeddable":true,"href":"https:\/\/wojciechfilaber.com\/pl\/wp-json\/wp\/v2\/product_tag?post=731"}],"curies":[{"name":"wp","href":"https:\/\/api.w.org\/{rel}","templated":true}]}}