{"id":739,"date":"2024-02-05T00:06:27","date_gmt":"2024-02-05T00:06:27","guid":{"rendered":"https:\/\/wojciechfilaber.com\/?post_type=product&#038;p=739"},"modified":"2024-02-09T00:12:15","modified_gmt":"2024-02-09T00:12:15","slug":"smokey-odwazny-spadochroniarz","status":"publish","type":"product","link":"https:\/\/wojciechfilaber.com\/pl\/produkt\/smokey-odwazny-spadochroniarz\/","title":{"rendered":"Smokey odwa\u017cny spadochroniarz"},"content":{"rendered":"<p>Smokey, odwa\u017cny pies, maskotka 1. Samodzielnej Brygady Spadochronowej, kt\u00f3ry sta\u0142 si\u0119 psem spadochroniarzem.<\/p>\n<p>Przygotuj si\u0119 na zdumiewaj\u0105c\u0105 opowie\u015b\u0107 o niezwyk\u0142ym losie osieroconego owczarka, kt\u00f3ry znalaz\u0142 swoje przeznaczenie w kompanii sanitarnej 1. Samodzielnej Brygady Spadochronowej. To w\u0142a\u015bnie tam przeszed\u0142 intensywne szkolenie, by sta\u0107 si\u0119 nieustraszonym psem spadochroniarzem.<\/p>\n<p>Wyrusz w ekscytuj\u0105c\u0105 podr\u00f3\u017c, odkrywaj\u0105c pe\u0142ne wra\u017ce\u0144 przygody odwa\u017cnego czworonoga spadochroniarza, kt\u00f3ry \u015bmia\u0142o wznosi\u0142 si\u0119 w powietrze, wykonuj\u0105c nie jeden, a a\u017c dwa ryzykowne skoki ze spadochronem, obok odwa\u017cnych skoczk\u00f3w brygady.<\/p>\n<p>Przeczytaj t\u0119 ksi\u0105\u017ck\u0119 a dowiesz si\u0119 jaki spotka\u0142 go los oraz co prze\u017cy\u0142 ten bohater.<\/p>\n<p>&nbsp;<\/p>\n<p>Wydawca: \u200e\u00a0Wojciech Filaber (1 Jan. 2023)<\/p>\n<p>J\u0119zyk: polski<\/p>\n<p>Format: papier, wersja z ilustracjami<\/p>\n<p>Ilo\u015b\u0107 stron: \u200e28<\/p>\n<p>Numer ISBN:\u00a0978-1739459802<\/p>\n<p>Rozmiar: 21 x 0.5 x 14 cm<\/p>\n<p>Wiek czytelnika:\u200e 2-10 lat<\/p>","protected":false},"excerpt":{"rendered":"<p>Smokey, odwa\u017cny pies, maskotka 1. Samodzielnej Brygady Spadochronowej, kt\u00f3ry sta\u0142 si\u0119 psem spadochroniarzem. Przygotuj si\u0119 na zdumiewaj\u0105c\u0105 opowie\u015b\u0107 o niezwyk\u0142ym losie osieroconego owczarka, kt\u00f3ry znalaz\u0142 swoje przeznaczenie w kompanii sanitarnej 1. Samodzielnej Brygady Spadochronowej. To w\u0142a\u015bnie tam przeszed\u0142 intensywne szkolenie, by sta\u0107 si\u0119 nieustraszonym psem spadochroniarzem. Wyrusz w ekscytuj\u0105c\u0105 podr\u00f3\u017c, odkrywaj\u0105c pe\u0142ne wra\u017ce\u0144 przygody odwa\u017cnego&#8230;<\/p>","protected":false},"featured_media":719,"comment_status":"open","ping_status":"closed","template":"","meta":{"give_campaign_id":0,"_kadence_starter_templates_imported_post":false,"_kad_post_transparent":"","_kad_post_title":"","_kad_post_layout":"","_kad_post_sidebar_id":"","_kad_post_content_style":"","_kad_post_vertical_padding":"","_kad_post_feature":"","_kad_post_feature_position":"","_kad_post_header":false,"_kad_post_footer":false},"product_brand":[],"product_cat":[15],"product_tag":[],"class_list":{"0":"post-739","1":"product","2":"type-product","3":"status-publish","4":"has-post-thumbnail","6":"product_cat-uncategorized","8":"first","9":"instock","10":"shipping-taxable","11":"purchasable","12":"product-type-simple","13":"entry","14":"content-bg","15":"loop-entry"},"jetpack_sharing_enabled":true,"_links":{"self":[{"href":"https:\/\/wojciechfilaber.com\/pl\/wp-json\/wp\/v2\/product\/739","targetHints":{"allow":["GET"]}}],"collection":[{"href":"https:\/\/wojciechfilaber.com\/pl\/wp-json\/wp\/v2\/product"}],"about":[{"href":"https:\/\/wojciechfilaber.com\/pl\/wp-json\/wp\/v2\/types\/product"}],"replies":[{"embeddable":true,"href":"https:\/\/wojciechfilaber.com\/pl\/wp-json\/wp\/v2\/comments?post=739"}],"wp:featuredmedia":[{"embeddable":true,"href":"https:\/\/wojciechfilaber.com\/pl\/wp-json\/wp\/v2\/media\/719"}],"wp:attachment":[{"href":"https:\/\/wojciechfilaber.com\/pl\/wp-json\/wp\/v2\/media?parent=739"}],"wp:term":[{"taxonomy":"product_brand","embeddable":true,"href":"https:\/\/wojciechfilaber.com\/pl\/wp-json\/wp\/v2\/product_brand?post=739"},{"taxonomy":"product_cat","embeddable":true,"href":"https:\/\/wojciechfilaber.com\/pl\/wp-json\/wp\/v2\/product_cat?post=739"},{"taxonomy":"product_tag","embeddable":true,"href":"https:\/\/wojciechfilaber.com\/pl\/wp-json\/wp\/v2\/product_tag?post=739"}],"curies":[{"name":"wp","href":"https:\/\/api.w.org\/{rel}","templated":true}]}}