{"id":743,"date":"2024-02-05T00:11:02","date_gmt":"2024-02-05T00:11:02","guid":{"rendered":"https:\/\/wojciechfilaber.com\/?post_type=product&#038;p=743"},"modified":"2024-11-20T20:50:43","modified_gmt":"2024-11-20T20:50:43","slug":"wojtek-szeregowy-zolnierz","status":"publish","type":"product","link":"https:\/\/wojciechfilaber.com\/pl\/produkt\/wojtek-szeregowy-zolnierz\/","title":{"rendered":"Wojtek szeregowy \u017co\u0142nierz"},"content":{"rendered":"<table>\n<tbody>\n<tr>\n<td>Odkryj wyj\u0105tkow\u0105 histori\u0119 Wojtka, nied\u017awiedzia-\u017co\u0142nierza, kt\u00f3ry s\u0142u\u017cy\u0142\u00a0po stronie Polskiej Armii. Adoptowany przez \u017co\u0142nierzy z 22 Kompanii Zaopatrywania Artylerii, Wojtek musia\u0142 nauczy\u0107 si\u0119 nowych umiej\u0119tno\u015bci i przystosowa\u0107 do trudnych warunk\u00f3w wojny.<\/td>\n<\/tr>\n<\/tbody>\n<\/table>\n<p>&nbsp;<\/p>\n<p>Wydawca: \u200e Wojciech Filaber<\/p>\n<p>Data wydania: 29.11.2023<\/p>\n<p>J\u0119zyk: polski<\/p>\n<p>Format: papier, komiks<\/p>\n<p>Ilo\u015b\u0107 stron: \u200e32<\/p>\n<p>Numer ISBN: \u200e9781739459840<\/p>\n<p>Rozmiar: 30 x 0.5 x 21cm<\/p>\n<p>Wiek czytelnika:\u200e 4 &#8211; 14 lat<\/p>","protected":false},"excerpt":{"rendered":"<p>Odkryj wyj\u0105tkow\u0105 histori\u0119 Wojtka, nied\u017awiedzia-\u017co\u0142nierza, kt\u00f3ry s\u0142u\u017cy\u0142\u00a0po stronie Polskiej Armii. Adoptowany przez \u017co\u0142nierzy z 22 Kompanii Zaopatrywania Artylerii, Wojtek musia\u0142 nauczy\u0107 si\u0119 nowych umiej\u0119tno\u015bci i przystosowa\u0107 do trudnych warunk\u00f3w wojny. &nbsp; Wydawca: \u200e Wojciech Filaber Data wydania: 29.11.2023 J\u0119zyk: polski Format: papier, komiks Ilo\u015b\u0107 stron: \u200e32 Numer ISBN: \u200e9781739459840 Rozmiar: 30 x 0.5 x 21cm&#8230;<\/p>","protected":false},"featured_media":726,"comment_status":"open","ping_status":"closed","template":"","meta":{"give_campaign_id":0,"_kadence_starter_templates_imported_post":false,"_kad_post_transparent":"default","_kad_post_title":"","_kad_post_layout":"default","_kad_post_sidebar_id":"","_kad_post_content_style":"default","_kad_post_vertical_padding":"default","_kad_post_feature":"","_kad_post_feature_position":"","_kad_post_header":false,"_kad_post_footer":false},"product_brand":[],"product_cat":[15],"product_tag":[],"class_list":{"0":"post-743","1":"product","2":"type-product","3":"status-publish","4":"has-post-thumbnail","6":"product_cat-uncategorized","8":"first","9":"instock","10":"shipping-taxable","11":"purchasable","12":"product-type-simple","13":"entry","14":"content-bg","15":"loop-entry"},"jetpack_sharing_enabled":true,"_links":{"self":[{"href":"https:\/\/wojciechfilaber.com\/pl\/wp-json\/wp\/v2\/product\/743","targetHints":{"allow":["GET"]}}],"collection":[{"href":"https:\/\/wojciechfilaber.com\/pl\/wp-json\/wp\/v2\/product"}],"about":[{"href":"https:\/\/wojciechfilaber.com\/pl\/wp-json\/wp\/v2\/types\/product"}],"replies":[{"embeddable":true,"href":"https:\/\/wojciechfilaber.com\/pl\/wp-json\/wp\/v2\/comments?post=743"}],"wp:featuredmedia":[{"embeddable":true,"href":"https:\/\/wojciechfilaber.com\/pl\/wp-json\/wp\/v2\/media\/726"}],"wp:attachment":[{"href":"https:\/\/wojciechfilaber.com\/pl\/wp-json\/wp\/v2\/media?parent=743"}],"wp:term":[{"taxonomy":"product_brand","embeddable":true,"href":"https:\/\/wojciechfilaber.com\/pl\/wp-json\/wp\/v2\/product_brand?post=743"},{"taxonomy":"product_cat","embeddable":true,"href":"https:\/\/wojciechfilaber.com\/pl\/wp-json\/wp\/v2\/product_cat?post=743"},{"taxonomy":"product_tag","embeddable":true,"href":"https:\/\/wojciechfilaber.com\/pl\/wp-json\/wp\/v2\/product_tag?post=743"}],"curies":[{"name":"wp","href":"https:\/\/api.w.org\/{rel}","templated":true}]}}