{"id":744,"date":"2024-02-05T00:13:32","date_gmt":"2024-02-05T00:13:32","guid":{"rendered":"https:\/\/wojciechfilaber.com\/?post_type=product&#038;p=744"},"modified":"2024-11-20T20:49:41","modified_gmt":"2024-11-20T20:49:41","slug":"ciapek-kolorowanka","status":"publish","type":"product","link":"https:\/\/wojciechfilaber.com\/pl\/produkt\/ciapek-kolorowanka\/","title":{"rendered":"Ciapek Kolorowanka"},"content":{"rendered":"<p>Ciapek, odwa\u017cny kundel, maskotka polskiego 305 Dywizjonu Bombowego, kt\u00f3ry wzi\u0105\u0142 udzia\u0142 w o\u015bmiu misjach bojowych polskiej eskadry. Zapoznaj si\u0119 z ma\u0142o znana historia oraz przygodami zapomnianego pieska Ciapka i pokoloruj ilustracje zawarte w tej pozycji.<\/p>\n<p>Wydawca: \u200e Biddles Books Ltd 2023<\/p>\n<p>J\u0119zyk: polski<\/p>\n<p>Format: kolorowanka<\/p>\n<p>Ilo\u015b\u0107 stron: \u200e24<\/p>\n<p>Numer ISBN: \u200e9781739115593<\/p>\n<p>Rozmiar: 295 x 4 x 205 mm<\/p>\n<p>Wiek czytelnika:\u200e 3 \u2013 7lat<\/p>","protected":false},"excerpt":{"rendered":"<p>Ciapek, odwa\u017cny kundel, maskotka polskiego 305 Dywizjonu Bombowego, kt\u00f3ry wzi\u0105\u0142 udzia\u0142 w o\u015bmiu misjach bojowych polskiej eskadry. Zapoznaj si\u0119 z ma\u0142o znana historia oraz przygodami zapomnianego pieska Ciapka i pokoloruj ilustracje zawarte w tej pozycji. Wydawca: \u200e Biddles Books Ltd 2023 J\u0119zyk: polski Format: kolorowanka Ilo\u015b\u0107 stron: \u200e24 Numer ISBN: \u200e9781739115593 Rozmiar: 295 x 4&#8230;<\/p>","protected":false},"featured_media":745,"comment_status":"open","ping_status":"closed","template":"","meta":{"give_campaign_id":0,"_kadence_starter_templates_imported_post":false,"_kad_post_transparent":"default","_kad_post_title":"","_kad_post_layout":"default","_kad_post_sidebar_id":"","_kad_post_content_style":"default","_kad_post_vertical_padding":"default","_kad_post_feature":"","_kad_post_feature_position":"","_kad_post_header":false,"_kad_post_footer":false},"product_brand":[],"product_cat":[15],"product_tag":[],"class_list":{"0":"post-744","1":"product","2":"type-product","3":"status-publish","4":"has-post-thumbnail","6":"product_cat-uncategorized","8":"first","9":"instock","10":"shipping-taxable","11":"purchasable","12":"product-type-simple","13":"entry","14":"content-bg","15":"loop-entry"},"jetpack_sharing_enabled":true,"_links":{"self":[{"href":"https:\/\/wojciechfilaber.com\/pl\/wp-json\/wp\/v2\/product\/744","targetHints":{"allow":["GET"]}}],"collection":[{"href":"https:\/\/wojciechfilaber.com\/pl\/wp-json\/wp\/v2\/product"}],"about":[{"href":"https:\/\/wojciechfilaber.com\/pl\/wp-json\/wp\/v2\/types\/product"}],"replies":[{"embeddable":true,"href":"https:\/\/wojciechfilaber.com\/pl\/wp-json\/wp\/v2\/comments?post=744"}],"wp:featuredmedia":[{"embeddable":true,"href":"https:\/\/wojciechfilaber.com\/pl\/wp-json\/wp\/v2\/media\/745"}],"wp:attachment":[{"href":"https:\/\/wojciechfilaber.com\/pl\/wp-json\/wp\/v2\/media?parent=744"}],"wp:term":[{"taxonomy":"product_brand","embeddable":true,"href":"https:\/\/wojciechfilaber.com\/pl\/wp-json\/wp\/v2\/product_brand?post=744"},{"taxonomy":"product_cat","embeddable":true,"href":"https:\/\/wojciechfilaber.com\/pl\/wp-json\/wp\/v2\/product_cat?post=744"},{"taxonomy":"product_tag","embeddable":true,"href":"https:\/\/wojciechfilaber.com\/pl\/wp-json\/wp\/v2\/product_tag?post=744"}],"curies":[{"name":"wp","href":"https:\/\/api.w.org\/{rel}","templated":true}]}}