{"id":936,"date":"2024-11-05T12:19:41","date_gmt":"2024-11-05T12:19:41","guid":{"rendered":"https:\/\/wojciechfilaber.com\/?post_type=product&#038;p=936"},"modified":"2024-11-20T20:47:16","modified_gmt":"2024-11-20T20:47:16","slug":"chestnut-_kasztanka","status":"publish","type":"product","link":"https:\/\/wojciechfilaber.com\/pl\/produkt\/chestnut-_kasztanka\/","title":{"rendered":"Chestnut Mare &#8211; Kasztanka"},"content":{"rendered":"<p><img loading=\"lazy\" decoding=\"async\" class=\"alignnone size-medium wp-image-938\" src=\"https:\/\/wojciechfilaber.com\/wp-content\/uploads\/2024\/11\/back-cover_page-0001-300x212.jpg\" alt=\"\" width=\"300\" height=\"212\" srcset=\"https:\/\/wojciechfilaber.com\/wp-content\/uploads\/2024\/11\/back-cover_page-0001-300x212.jpg 300w, https:\/\/wojciechfilaber.com\/wp-content\/uploads\/2024\/11\/back-cover_page-0001-1024x724.jpg 1024w, https:\/\/wojciechfilaber.com\/wp-content\/uploads\/2024\/11\/back-cover_page-0001-768x543.jpg 768w, https:\/\/wojciechfilaber.com\/wp-content\/uploads\/2024\/11\/back-cover_page-0001-1536x1085.jpg 1536w, https:\/\/wojciechfilaber.com\/wp-content\/uploads\/2024\/11\/back-cover_page-0001-18x12.jpg 18w, https:\/\/wojciechfilaber.com\/wp-content\/uploads\/2024\/11\/back-cover_page-0001-1320x933.jpg 1320w, https:\/\/wojciechfilaber.com\/wp-content\/uploads\/2024\/11\/back-cover_page-0001-600x424.jpg 600w, https:\/\/wojciechfilaber.com\/wp-content\/uploads\/2024\/11\/back-cover_page-0001.jpg 1755w\" sizes=\"auto, (max-width: 300px) 100vw, 300px\" \/><\/p>\n<p><strong>Pre-order Now!<\/strong><br \/>\nPlace your order today, and your book will be printed in December and shipped in time to arrive by Christmas. Don&#8217;t miss the chance to secure your copy for the holidays!<br \/>\n<strong>Zam\u00f3w teraz!<\/strong><br \/>\nZ\u0142\u00f3\u017c zam\u00f3wienie ju\u017c dzi\u015b, a ksi\u0105\u017cka zostanie wydrukowana w grudniu i wys\u0142ana na czas, aby dotar\u0142a przed \u015awi\u0119tami. Nie przegap okazji, by zapewni\u0107 sobie egzemplarz na \u015bwi\u0119ta!<\/p>\n<p>Language: Polish-English<\/p>\n<p>Reading age: 2-7<\/p>\n<p>Dimension: 23&#215;0.5&#215;15<\/p>\n<p>Pages: 32<\/p>\n<p>&nbsp;<\/p>","protected":false},"excerpt":{"rendered":"<p><strong>Odkryj Histori\u0119 Kasztanki \u2013 wyj\u0105tkowej klaczy, kt\u00f3ra podbi\u0142a serce J\u00f3zefa Pi\u0142sudskiego i sta\u0142a si\u0119 symbolem odwagi i lojalno\u015bci w walce o wolno\u015b\u0107 Polski!<\/strong><\/p>\n<p><strong>&#8220;Kasztanka&#8221;<\/strong> to pi\u0119knie ilustrowana, dwuj\u0119zyczna opowie\u015b\u0107 dla najm\u0142odszych, napisana zar\u00f3wno po polsku, jak i angielsku, aby wspiera\u0107 nauk\u0119 j\u0119zyka u dzieci w wieku 2-6 lat. Ta pe\u0142na ciep\u0142a historia zabiera dzieci w fascynuj\u0105c\u0105 podr\u00f3\u017c do czas\u00f3w I wojny \u015bwiatowej, opowiadaj\u0105c o niezwyk\u0142ej wi\u0119zi mi\u0119dzy Kasztank\u0105 a J\u00f3zefem Pi\u0142sudskim.<\/p>\n<p>Ka\u017cda strona zachwyca malowniczymi ilustracjami stworzonymi przez utalentowan\u0105 by\u0142\u0105 uczennic\u0119 polskiej szko\u0142y sobotniej w Hitchin, kt\u00f3re o\u017cywiaj\u0105 opowie\u015b\u0107 i buduj\u0105 magiczn\u0105 atmosfer\u0119, wci\u0105gaj\u0105c m\u0142odych czytelnik\u00f3w w \u015bwiat polskiej historii i kultury.<\/p>\n<p><strong>Discover the Story of Chestnut mare \u2013 the extraordinary mare who captured J\u00f3zef Pi\u0142sudski\u2019s heart and became a symbol of courage and loyalty in Poland\u2019s fight for freedom!<\/strong><\/p>\n<p><strong>&#8220;Chestnut mare&#8221;<\/strong> is a beautifully illustrated, bilingual story for young children, written in both Polish and English to help children aged 2-6 learn language while exploring a heartwarming tale from history. This story takes little readers on a journey back to the time of World War I, sharing the unique bond between Kasztanka and J\u00f3zef Pi\u0142sudski.<\/p>\n<p>Each page is brought to life with enchanting illustrations by a talented former student of the Polish Saturday School in Hitchin, creating a magical atmosphere that immerses young readers in the world of Polish history and culture.<\/p>","protected":false},"featured_media":937,"comment_status":"open","ping_status":"closed","template":"","meta":{"give_campaign_id":0,"_kadence_starter_templates_imported_post":false,"_kad_post_transparent":"default","_kad_post_title":"","_kad_post_layout":"default","_kad_post_sidebar_id":"","_kad_post_content_style":"default","_kad_post_vertical_padding":"default","_kad_post_feature":"","_kad_post_feature_position":"","_kad_post_header":false,"_kad_post_footer":false},"product_brand":[],"product_cat":[15],"product_tag":[],"class_list":{"0":"post-936","1":"product","2":"type-product","3":"status-publish","4":"has-post-thumbnail","6":"product_cat-uncategorized","8":"first","9":"instock","10":"sale","11":"shipping-taxable","12":"purchasable","13":"product-type-simple","14":"entry","15":"content-bg","16":"loop-entry"},"jetpack_sharing_enabled":true,"_links":{"self":[{"href":"https:\/\/wojciechfilaber.com\/pl\/wp-json\/wp\/v2\/product\/936","targetHints":{"allow":["GET"]}}],"collection":[{"href":"https:\/\/wojciechfilaber.com\/pl\/wp-json\/wp\/v2\/product"}],"about":[{"href":"https:\/\/wojciechfilaber.com\/pl\/wp-json\/wp\/v2\/types\/product"}],"replies":[{"embeddable":true,"href":"https:\/\/wojciechfilaber.com\/pl\/wp-json\/wp\/v2\/comments?post=936"}],"wp:featuredmedia":[{"embeddable":true,"href":"https:\/\/wojciechfilaber.com\/pl\/wp-json\/wp\/v2\/media\/937"}],"wp:attachment":[{"href":"https:\/\/wojciechfilaber.com\/pl\/wp-json\/wp\/v2\/media?parent=936"}],"wp:term":[{"taxonomy":"product_brand","embeddable":true,"href":"https:\/\/wojciechfilaber.com\/pl\/wp-json\/wp\/v2\/product_brand?post=936"},{"taxonomy":"product_cat","embeddable":true,"href":"https:\/\/wojciechfilaber.com\/pl\/wp-json\/wp\/v2\/product_cat?post=936"},{"taxonomy":"product_tag","embeddable":true,"href":"https:\/\/wojciechfilaber.com\/pl\/wp-json\/wp\/v2\/product_tag?post=936"}],"curies":[{"name":"wp","href":"https:\/\/api.w.org\/{rel}","templated":true}]}}