{"id":951,"date":"2024-11-20T20:27:20","date_gmt":"2024-11-20T20:27:20","guid":{"rendered":"https:\/\/wojciechfilaber.com\/?post_type=product&#038;p=951"},"modified":"2024-11-20T20:46:15","modified_gmt":"2024-11-20T20:46:15","slug":"betty-the-sailor-monkey-malpka-marynarz","status":"publish","type":"product","link":"https:\/\/wojciechfilaber.com\/pl\/produkt\/betty-the-sailor-monkey-malpka-marynarz\/","title":{"rendered":"Betty the Sailor Monkey   Malpka marynarz"},"content":{"rendered":"<p>&nbsp;<\/p>\n<p>&nbsp;<\/p>","protected":false},"excerpt":{"rendered":"<p><img loading=\"lazy\" decoding=\"async\" class=\"alignnone size-medium wp-image-953\" src=\"https:\/\/wojciechfilaber.com\/wp-content\/uploads\/2024\/11\/Screenshot_20241120_201556_Gmail-300x138.jpg\" alt=\"\" width=\"300\" height=\"138\" srcset=\"https:\/\/wojciechfilaber.com\/wp-content\/uploads\/2024\/11\/Screenshot_20241120_201556_Gmail-300x138.jpg 300w, https:\/\/wojciechfilaber.com\/wp-content\/uploads\/2024\/11\/Screenshot_20241120_201556_Gmail-1024x473.jpg 1024w, https:\/\/wojciechfilaber.com\/wp-content\/uploads\/2024\/11\/Screenshot_20241120_201556_Gmail-768x354.jpg 768w, https:\/\/wojciechfilaber.com\/wp-content\/uploads\/2024\/11\/Screenshot_20241120_201556_Gmail-1536x709.jpg 1536w, https:\/\/wojciechfilaber.com\/wp-content\/uploads\/2024\/11\/Screenshot_20241120_201556_Gmail-2048x945.jpg 2048w, https:\/\/wojciechfilaber.com\/wp-content\/uploads\/2024\/11\/Screenshot_20241120_201556_Gmail-18x8.jpg 18w, https:\/\/wojciechfilaber.com\/wp-content\/uploads\/2024\/11\/Screenshot_20241120_201556_Gmail-1320x609.jpg 1320w, https:\/\/wojciechfilaber.com\/wp-content\/uploads\/2024\/11\/Screenshot_20241120_201556_Gmail-600x277.jpg 600w\" sizes=\"auto, (max-width: 300px) 100vw, 300px\" \/><\/p>\n<p><strong>Pre-order Now!<\/strong><br \/>\nPlace your order today, and your book will be printed in December and shipped in time to arrive by Christmas. Don&#8217;t miss the chance to secure your copy for the holidays!<\/p>\n<p><strong>Zam\u00f3w teraz!<\/strong><br \/>\nZ\u0142\u00f3\u017c zam\u00f3wienie ju\u017c dzi\u015b, a ksi\u0105\u017cka zostanie wydrukowana w grudniu i wys\u0142ana na czas, aby dotar\u0142a przed \u015awi\u0119tami. Nie przegap okazji, by zapewni\u0107 sobie egzemplarz na \u015bwi\u0119ta!<\/p>\n<p>Language: Polish-English<\/p>\n<p>Reading age: 2-7<\/p>\n<p>Dimension: 23&#215;0.5&#215;15<\/p>\n<p>Pages: 32<\/p>","protected":false},"featured_media":952,"comment_status":"open","ping_status":"closed","template":"","meta":{"give_campaign_id":0,"_kadence_starter_templates_imported_post":false,"_kad_post_transparent":"default","_kad_post_title":"","_kad_post_layout":"default","_kad_post_sidebar_id":"","_kad_post_content_style":"default","_kad_post_vertical_padding":"default","_kad_post_feature":"","_kad_post_feature_position":"","_kad_post_header":false,"_kad_post_footer":false},"product_brand":[],"product_cat":[15],"product_tag":[],"class_list":{"0":"post-951","1":"product","2":"type-product","3":"status-publish","4":"has-post-thumbnail","6":"product_cat-uncategorized","8":"first","9":"instock","10":"sale","11":"shipping-taxable","12":"purchasable","13":"product-type-simple","14":"entry","15":"content-bg","16":"loop-entry"},"jetpack_sharing_enabled":true,"_links":{"self":[{"href":"https:\/\/wojciechfilaber.com\/pl\/wp-json\/wp\/v2\/product\/951","targetHints":{"allow":["GET"]}}],"collection":[{"href":"https:\/\/wojciechfilaber.com\/pl\/wp-json\/wp\/v2\/product"}],"about":[{"href":"https:\/\/wojciechfilaber.com\/pl\/wp-json\/wp\/v2\/types\/product"}],"replies":[{"embeddable":true,"href":"https:\/\/wojciechfilaber.com\/pl\/wp-json\/wp\/v2\/comments?post=951"}],"wp:featuredmedia":[{"embeddable":true,"href":"https:\/\/wojciechfilaber.com\/pl\/wp-json\/wp\/v2\/media\/952"}],"wp:attachment":[{"href":"https:\/\/wojciechfilaber.com\/pl\/wp-json\/wp\/v2\/media?parent=951"}],"wp:term":[{"taxonomy":"product_brand","embeddable":true,"href":"https:\/\/wojciechfilaber.com\/pl\/wp-json\/wp\/v2\/product_brand?post=951"},{"taxonomy":"product_cat","embeddable":true,"href":"https:\/\/wojciechfilaber.com\/pl\/wp-json\/wp\/v2\/product_cat?post=951"},{"taxonomy":"product_tag","embeddable":true,"href":"https:\/\/wojciechfilaber.com\/pl\/wp-json\/wp\/v2\/product_tag?post=951"}],"curies":[{"name":"wp","href":"https:\/\/api.w.org\/{rel}","templated":true}]}}